{"id":259865,"date":"2026-02-09T17:06:53","date_gmt":"2026-02-09T16:06:53","guid":{"rendered":"https:\/\/tintoreriasronsel.es\/tienda\/?page_id=259865"},"modified":"2026-03-04T08:22:11","modified_gmt":"2026-03-04T07:22:11","slug":"limpieza-de-manteles-y-servilletas","status":"publish","type":"page","link":"https:\/\/tintoreriasronsel.es\/tienda\/limpieza-de-manteles-y-servilletas\/","title":{"rendered":"Limpieza de manteles y servilletas"},"content":{"rendered":"<p>[et_pb_section fb_built=\u00bb1&#8243; fullwidth=\u00bbon\u00bb _builder_version=\u00bb4.27.5&#8243; _module_preset=\u00bb823ce878-3029-43b3-8abe-629fa3a9f11f\u00bb da_disable_devices=\u00bboff|off|off\u00bb global_colors_info=\u00bb{}\u00bb da_is_popup=\u00bboff\u00bb da_exit_intent=\u00bboff\u00bb da_has_close=\u00bbon\u00bb da_alt_close=\u00bboff\u00bb da_dark_close=\u00bboff\u00bb da_not_modal=\u00bbon\u00bb da_is_singular=\u00bboff\u00bb da_with_loader=\u00bboff\u00bb da_has_shadow=\u00bbon\u00bb][et_pb_fullwidth_slider _builder_version=\u00bb4.27.5&#8243; _module_preset=\u00bbf256feb6-47d0-454a-8b24-05a06e6ba2ce\u00bb global_colors_info=\u00bb{}\u00bb][et_pb_slide heading=\u00bbEspecialistas en limpieza y planchado de manteler\u00edas de hilo, bordadas a mano o con puntillas\u00bb _builder_version=\u00bb4.27.5&#8243; _module_preset=\u00bbc3ac9349-aa86-4eba-8ae2-ad7ef5a513e2&#8243; background_enable_image=\u00bboff\u00bb background_enable_video_mp4=\u00bboff\u00bb background_video_webm=\u00bbhttps:\/\/tintoreriasronsel.es\/videos\/22_manteles-servilletas.webm\u00bb background_enable_video_webm=\u00bbon\u00bb global_colors_info=\u00bb{}\u00bb sticky_transition=\u00bbon\u00bb]<\/p>\n<p>En Ronsel eliminamos estas horribles manchas haciendo especial hincapi\u00e9 en las manchas amarillas, esas que le dan a sus manteler\u00edas una apariencia de \u00abantiguas\u00bb.<\/p>\n<p>[\/et_pb_slide][\/et_pb_fullwidth_slider][\/et_pb_section][et_pb_section fb_built=\u00bb1&#8243; _builder_version=\u00bb4.27.5&#8243; _module_preset=\u00bbbfac45bc-b245-4f94-a83a-02efdb34caa5&#8243; background_image=\u00bbhttps:\/\/tintoreriasronsel.es\/tienda\/wp-content\/uploads\/2025\/09\/sombra-capa.webp\u00bb background_size=\u00bbcontain\u00bb background_position=\u00bbtop_center\u00bb custom_margin=\u00bb0px||||false|false\u00bb custom_padding=\u00bb0px||||false|false\u00bb da_disable_devices=\u00bboff|off|off\u00bb global_colors_info=\u00bb{}\u00bb da_is_popup=\u00bboff\u00bb da_exit_intent=\u00bboff\u00bb da_has_close=\u00bbon\u00bb da_alt_close=\u00bboff\u00bb da_dark_close=\u00bboff\u00bb da_not_modal=\u00bbon\u00bb da_is_singular=\u00bboff\u00bb da_with_loader=\u00bboff\u00bb da_has_shadow=\u00bbon\u00bb][et_pb_row _builder_version=\u00bb4.27.5&#8243; _module_preset=\u00bb11248acd-95f2-441d-b466-62b1a9cf67c8&#8243; global_colors_info=\u00bb{}\u00bb][et_pb_column type=\u00bb4_4&#8243; _builder_version=\u00bb4.27.4&#8243; _module_preset=\u00bb_initial\u00bb global_colors_info=\u00bb{}\u00bb][et_pb_heading title=\u00bb@ET-DC@eyJkeW5hbWljIjp0cnVlLCJjb250ZW50IjoicG9zdF90aXRsZSIsInNldHRpbmdzIjp7ImJlZm9yZSI6IiIsImFmdGVyIjoiIn19@\u00bb _builder_version=\u00bb4.27.5&#8243; _dynamic_attributes=\u00bbtitle\u00bb _module_preset=\u00bbc88a714a-1137-4742-bbe0-999ea2af2593&#8243; global_colors_info=\u00bb{}\u00bb][\/et_pb_heading][\/et_pb_column][\/et_pb_row][et_pb_row column_structure=\u00bb2_3,1_3&#8243; _builder_version=\u00bb4.27.5&#8243; _module_preset=\u00bb37eb2ac9-85d2-41b2-b7d2-a39dd2121996&#8243; global_colors_info=\u00bb{}\u00bb][et_pb_column type=\u00bb2_3&#8243; _builder_version=\u00bb4.27.4&#8243; _module_preset=\u00bb_initial\u00bb global_colors_info=\u00bb{}\u00bb][et_pb_text _builder_version=\u00bb4.27.5&#8243; _module_preset=\u00bbed843646-dd90-4212-9af2-292331f3c906&#8243; saved_tabs=\u00bball\u00bb global_colors_info=\u00bb{}\u00bb]<\/p>\n<h2>Limpiamos sus manteler\u00edas, servilletas, caminos de mesa y toda clase de prendas de mesa o comedor y se los entregamos con una apariencia renovada.<\/h2>\n<p>En\u00a0<strong class=\"default-color\">Tintorer\u00edas Ronsel<\/strong>\u00a0somos especialistas en el tratamiento de limpieza de\u00a0<strong><em>servilletas<\/em><\/strong>\u00a0bordadas,\u00a0<em><strong>manteles<\/strong><\/em>\u00a0y manteler\u00edas.<\/p>\n<p><em>Eliminamos la coloraci\u00f3n amarillenta<\/em>\u00a0y manchas de todo tipo, sin afectar el color y apariencia original del tejido de sus prendas. En Madrid,\u00a0<strong>Tintorer\u00edas Ronsel<\/strong> le garantiza un proceso de calidad por su conocimiento y experiencia de muchos a\u00f1os.<\/p>\n<p>[\/et_pb_text][et_pb_text _builder_version=\u00bb4.27.5&#8243; _module_preset=\u00bbed843646-dd90-4212-9af2-292331f3c906&#8243; header_3_font=\u00bbRaleway|600|||||||\u00bb header_3_letter_spacing=\u00bb-0.02em\u00bb custom_margin=\u00bb40px||-10px||false|false\u00bb global_colors_info=\u00bb{}\u00bb]<\/p>\n<h3>Eliminamos la coloraci\u00f3n amarillenta<\/h3>\n<p>[\/et_pb_text][et_pb_slider module_id=\u00bbmanteles-y-servilletas\u00bb _builder_version=\u00bb4.27.5&#8243; _module_preset=\u00bb286292b0-30f5-4e18-8414-b715ea525ceb\u00bb background_color=\u00bbRGBA(255,255,255,0)\u00bb custom_css_free_form=\u00bb#manteles-y-servilletas.et_pb_slider_0, #manteles-y-servilletas.et_pb_slider_0 .et_pb_slide {||    min-height: 700px!important;||}||\/* Icono *\/||body #page-container .et_pb_section .et_pb_slider .et_pb_slide_0.et_pb_slide .et_pb_more_button.et_pb_button:hover:before {||    margin-left: -2em!important;||    opacity: 0.5!important;||\t}||@media (max-width: 479px) { ||#manteles-y-servilletas.et_pb_slider_0, #manteles-y-servilletas.et_pb_slider_0 .et_pb_slide {||    min-height: 400px!important;||} ||.et_pb_slide_content { width: 100%; margin: 0 auto; }}||||@media only screen and (max-width: 767px) {||    .et_pb_slider .et_pb_slide_0.et_pb_slide .et_pb_slide_description .et_pb_slide_title {||        font-size: 30px !important;||        padding: 0 !important;||        min-width: 100%;||}} \u00bb locked=\u00bboff\u00bb global_colors_info=\u00bb{}\u00bb][et_pb_slide image=\u00bbhttps:\/\/tintoreriasronsel.es\/_assets\/logos\/logo-galerias-ronsel_TRANS-1.webp\u00bb use_bg_overlay=\u00bboff\u00bb _builder_version=\u00bb4.27.5&#8243; _module_preset=\u00bbc3ac9349-aa86-4eba-8ae2-ad7ef5a513e2&#8243; background_enable_color=\u00bboff\u00bb background_image=\u00bbhttps:\/\/tintoreriasronsel.es\/_assets\/manteles-servilletas\/slide-manteles-amarillos-lino_1.jpg\u00bb background_enable_image=\u00bbon\u00bb custom_css_main_element=\u00bbheight:100%!important;\u00bb locked=\u00bboff\u00bb global_colors_info=\u00bb{}\u00bb sticky_transition=\u00bbon\u00bb][\/et_pb_slide][et_pb_slide image=\u00bbhttps:\/\/tintoreriasronsel.es\/_assets\/logos\/logo-galerias-ronsel_TRANS-1.webp\u00bb use_bg_overlay=\u00bboff\u00bb _builder_version=\u00bb4.27.5&#8243; _module_preset=\u00bbc3ac9349-aa86-4eba-8ae2-ad7ef5a513e2&#8243; background_enable_color=\u00bboff\u00bb background_image=\u00bbhttps:\/\/tintoreriasronsel.es\/_assets\/manteles-servilletas\/slide-manteles-desmanchados-lino_1.jpg\u00bb background_enable_image=\u00bbon\u00bb custom_css_main_element=\u00bbheight:100%!important;\u00bb locked=\u00bboff\u00bb global_colors_info=\u00bb{}\u00bb sticky_transition=\u00bbon\u00bb][\/et_pb_slide][\/et_pb_slider][et_pb_text _builder_version=\u00bb4.27.5&#8243; _module_preset=\u00bbed843646-dd90-4212-9af2-292331f3c906&#8243; global_colors_info=\u00bb{}\u00bb]<\/p>\n<h4>Somos especialistas en la limpieza y planchado de manteler\u00edas de hilo, manteler\u00edas bordadas a mano, <em>manteler\u00edas con puntillas<\/em>.<\/h4>\n<p>Para que estas manteler\u00edas queden bien es necesario ponerlas en manos de expertos como\u00a0<strong>Tintorer\u00edas Ronsel<\/strong>\u00a0porque utilizamos aprestos y almidones con nuestro sistema de planchado artesanal, que devolver\u00e1 a sus manteles su apariencia original, porque los bordados y puntillas quedaran perfectos.<\/p>\n<p>[\/et_pb_text][et_pb_text _builder_version=\u00bb4.27.5&#8243; _module_preset=\u00bbed843646-dd90-4212-9af2-292331f3c906&#8243; header_3_font=\u00bbRaleway|600|||||||\u00bb header_3_letter_spacing=\u00bb-0.02em\u00bb custom_margin=\u00bb40px||-10px||false|false\u00bb global_colors_info=\u00bb{}\u00bb]<\/p>\n<h3>Manteler\u00edas<\/h3>\n<p>Sus elegantes\u00a0<strong><em>manteler\u00edas<\/em><\/strong>\u00a0y\u00a0<strong><em>servilletas<\/em><\/strong>\u00a0son el foco de manchas como vino, grasa, y otros restos de comidas y bebidas, producidas por el uso diario o en ocasiones especiales. Si estas manchas no son eliminadas adecuadamente, pueden llegar a degradar el tejido de modo permanente.<\/p>\n<p>En Ronsel eliminamos estas horribles manchas haciendo especial hincapi\u00e9 en las manchas amarillas, esas que le dan a sus manteler\u00edas una apariencia de \u00ab<em>antiguas<\/em>\u00ab.<\/p>\n<p>[\/et_pb_text][et_pb_image src=\u00bbhttps:\/\/tintoreriasronsel.es\/_assets\/manteles-servilletas\/manteles-amarillos-lino_2.jpg\u00bb _builder_version=\u00bb4.27.5&#8243; _module_preset=\u00bb26d79bff-0e7c-41b3-a2e6-fb9ce26a33c3&#8243; global_colors_info=\u00bb{}\u00bb][\/et_pb_image][et_pb_text _builder_version=\u00bb4.27.5&#8243; _module_preset=\u00bbed843646-dd90-4212-9af2-292331f3c906&#8243; header_3_font=\u00bbRaleway|600|||||||\u00bb header_3_letter_spacing=\u00bb-0.02em\u00bb custom_margin=\u00bb40px||-10px||false|false\u00bb global_colors_info=\u00bb{}\u00bb]<\/p>\n<p class=\"text-left small mt-20\">Usted nos entrega sus manteles de lino <em>con manchas amarillas generalizadas<\/em> y manchas de comida y bebidas.<\/p>\n<p><strong>Tratamos todo tipo de tejidos de manteler\u00eda<\/strong> fina incluyendo aquellas m\u00e1s delicados, con alg\u00fan tipo de bordado o encaje.<\/p>\n<div class=\"overlay-container mt-40\">\u00a0<\/div>\n<p>[\/et_pb_text][et_pb_image src=\u00bbhttps:\/\/tintoreriasronsel.es\/_assets\/manteles-servilletas\/manteles-desmanchados-lino_1.jpg\u00bb _builder_version=\u00bb4.27.5&#8243; _module_preset=\u00bb26d79bff-0e7c-41b3-a2e6-fb9ce26a33c3&#8243; global_colors_info=\u00bb{}\u00bb][\/et_pb_image][et_pb_text _builder_version=\u00bb4.27.5&#8243; _module_preset=\u00bbed843646-dd90-4212-9af2-292331f3c906&#8243; header_3_font=\u00bbRaleway|600|||||||\u00bb header_3_letter_spacing=\u00bb-0.02em\u00bb custom_margin=\u00bb40px||-10px||false|false\u00bb global_colors_info=\u00bb{}\u00bb]<\/p>\n<p class=\"text-left small mt-20\">Tintorer\u00edas Ronsel le entrega sus manteles limpios y desodorizados con una apariencia renovada.<\/p>\n<p><strong><em>Tintorer\u00edas Ronsel<\/em><\/strong>\u00a0le garantiza un proceso de calidad y un conocimiento y experiencia de muchos a\u00f1os en el tratamiento de limpieza de tejidos.<\/p>\n<p>Utilizamos un sistema de\u00a0<em>desmanchado<\/em>, adecuado para cada tipo de mancha y tejido, que no pone en riesgo ni el color ni la apariencia original de sus prendas.<\/p>\n<div class=\"overlay-container mt-40\">\u00a0<\/div>\n<p>[\/et_pb_text][et_pb_image src=\u00bbhttps:\/\/tintoreriasronsel.es\/_assets\/manteles-servilletas\/manteles-desmanchados-lino_2.jpg\u00bb _builder_version=\u00bb4.27.5&#8243; _module_preset=\u00bb26d79bff-0e7c-41b3-a2e6-fb9ce26a33c3&#8243; global_colors_info=\u00bb{}\u00bb][\/et_pb_image][et_pb_text _builder_version=\u00bb4.27.5&#8243; _module_preset=\u00bbfe6fec19-6afc-4b97-8e58-48e482f1f11c\u00bb global_colors_info=\u00bb{}\u00bb]<\/p>\n<p>Conf\u00ede su manteles, servilletas y prendas de comedor a Tintorer\u00edas Ronsel.<\/p>\n<p>[\/et_pb_text][et_pb_heading title=\u00bbHaga su pedido ahora\u00bb _builder_version=\u00bb4.27.5&#8243; _module_preset=\u00bbdefault\u00bb custom_margin=\u00bb||||false|false\u00bb global_colors_info=\u00bb{}\u00bb][\/et_pb_heading][et_pb_db_shop_loop loop_layout=\u00bb258995&#8243; posts_number=\u00bb16&#8243; gutter_row_gap=\u00bb16px\u00bb gutter_row_column=\u00bb16px\u00bb admin_label=\u00bbARP Product Loop &#8211; Archive Pages \/ Manteles\u00bb _builder_version=\u00bb4.27.5&#8243; _module_preset=\u00bb66fefeb8-f70f-4624-bcc4-39c143eadbc7&#8243; custom_margin=\u00bb0vw||0vw||true|false\u00bb custom_padding=\u00bb0vw||0vw|1vw|true|false\u00bb locked=\u00bboff\u00bb global_colors_info=\u00bb{}\u00bb][\/et_pb_db_shop_loop][et_pb_social_media_follow admin_label=\u00bbnew_Social Media Follow\u00bb _builder_version=\u00bb4.27.5&#8243; _module_preset=\u00bb4fcc37f5-4719-4bf9-af1f-76dcd4e0d0d4&#8243; link_shape=\u00bbcircle\u00bb global_module=\u00bb257317&#8243; saved_tabs=\u00bball\u00bb locked=\u00bboff\u00bb global_colors_info=\u00bb{}\u00bb][et_pb_social_media_follow_network social_network=\u00bbinstagram\u00bb url=\u00bbhttps:\/\/www.instagram.com\/tintoreriasronsel\/\u00bb _builder_version=\u00bb4.27.5&#8243; _module_preset=\u00bb23328980-f28f-45e8-9e88-0b3621421c45&#8243; global_colors_info=\u00bb{}\u00bb follow_button=\u00bboff\u00bb url_new_window=\u00bboff\u00bb]instagram[\/et_pb_social_media_follow_network][\/et_pb_social_media_follow][\/et_pb_column][et_pb_column type=\u00bb1_3&#8243; _builder_version=\u00bb4.27.5&#8243; _module_preset=\u00bb7dabacaf-ca12-40c4-981a-b566304d6ea8&#8243; global_colors_info=\u00bb{}\u00bb][et_pb_blurb title=\u00bbHaga su pedido ahora\u00bb image=\u00bbhttps:\/\/tintoreriasronsel.es\/_assets\/webp\/pedido&#8211;tintoreria.webp\u00bb admin_label=\u00bbAnuncio_PRECIOS\u00bb _builder_version=\u00bb4.27.5&#8243; _module_preset=\u00bbe81f41cf-abd9-427c-bce9-2221fd3a1575&#8243; header_font=\u00bb&#8211;et_global_heading_font||||||||\u00bb header_font_size=\u00bb28px\u00bb header_letter_spacing=\u00bb-0.06em\u00bb body_font=\u00bb&#8211;et_global_body_font|500|||||||\u00bb custom_css_free_form=\u00bb.anuncio-porque-ronsel .et_pb_blurb_container {||    padding: 20px; ||    display: flex;||    flex-direction: column;||    justify-content: space-evenly;||    flex-wrap: nowrap;||    height: auto;||}||.btn.radius-50.btn-default-transparent.position { display:block;||  margin:20px auto;||border: 1px #007A00 solid; border-radius:50px;width:fit-content; padding:10px 24px; ||}||.btn.radius-50.btn-default-transparent.position:hover {background-color: #00000010;}||\/*Correcci\u00f3n Im\u00e1genes Banners *\/||span.et_pb_image_wrap.et_pb_only_image_mode_wrap {||    width: 100%!important;||    background-color: transparent!important;||border: none!important;||border-radius: 0!important; margin:0px!important;padding:0px!important; padding-bottom:0px!important; padding-left:0px!important; padding-right:0px!important; padding-top:0px!important;||}||||title {color: #ff00ff!important;}||h2 {color:#14A0B1; font-family:raleway; }\u00bb custom_css_blurb_title=\u00bbmargin:0px!important;font-size:2.4em!important;line-height:1em;\u00bb box_shadow_style=\u00bbnone\u00bb global_module=\u00bb259938&#8243; saved_tabs=\u00bball\u00bb locked=\u00bboff\u00bb global_colors_info=\u00bb{}\u00bb]<\/p>\n<h2>Recogida y entrega a domicilio <span style=\"font-weight: bold; letter-spacing: -0.02em;\">GRATIS<\/span><\/h2>\n<p><span style=\"font-size: small; line-height: 0.5em!important;\">El Servicio a Domicilio de Tintorer\u00edas Ronsel atiende su pedido en todo Madrid, recogiendo y limpiando sus prendas y entregando su ropa limpia y planchada en casa.<\/span><\/p>\n<p>Para pedidos de los c\u00f3digos 280* de Madrid.<br \/>Para c\u00f3digos 281* de la Comunidad de Madrid el pedido m\u00ednimo es de 80\u20ac<\/p>\n<p><a class=\"btn radius-50 btn-default-transparent position\" title=\"Tienda Online\" href=\"https:\/\/tintoreriasronsel.es\">Tienda Online <i class=\"fa fa-arrow-right pl-10\"><\/i><\/a><\/p>\n<p>[\/et_pb_blurb][et_pb_blurb title=\u00bbDesodorizamos, desinfectamos y limpiamos alfombras, en seco o con agua.\u00bb image=\u00bbhttps:\/\/tintoreriasronsel.es\/images\/box\/box-alfombras-1.jpg\u00bb admin_label=\u00bbAnuncio Empresa Familiar\u00bb _builder_version=\u00bb4.27.5&#8243; _module_preset=\u00bbdefault\u00bb header_font=\u00bb&#8211;et_global_body_font|600|||||||\u00bb header_letter_spacing=\u00bb-0.02em\u00bb background_color=\u00bbrgba(223,240,216,0.81)\u00bb custom_css_free_form=\u00bbp.text-left.small-xs, h4.et_pb_module_header  { width:85%!important; margin:0 auto;}\u00bb custom_css_blurb_image=\u00bbwidth:max-content;\u00bb custom_css_blurb_content=\u00bbpadding-bottom:20px;\u00bb saved_tabs=\u00bball\u00bb locked=\u00bboff\u00bb global_colors_info=\u00bb{}\u00bb]<\/p>\n<aside class=\"col-md-3 col-md-pull-6\">\n<div class=\"\">\n<div class=\"image-box style-2 mb-20 shadow bordered light-gray-bg text-center\">\n<div class=\"body bg-success text-center box-combo-8\">\n<p class=\"text-left small-xs\" style=\"text-align: left;\">Limpieza y desinfecci\u00f3n de alfombras, moquetas y muebles y adicionalmente de muebles y tapizados.<\/p>\n<\/div>\n<\/div>\n<\/div>\n<\/aside>\n<aside class=\"col-md-3\">\n<div class=\"sidebar\">\n<div class=\"block clearfix\"><\/div>\n<div class=\"clearfix social-aside upperaside quedate-en-casa\">\n<p>&nbsp;<\/p>\n<\/div>\n<\/div>\n<\/aside>\n<p><a class=\"btn radius-50 btn-default-transparent position\" title=\"Alfombras\" href=\"https:\/\/tintoreriasronsel.es\/limpieza-alfombras-moquetas-muebles.shtml\" target=\"_blank\" rel=\"noopener\">Saber m\u00e1s <i class=\"fa fa-arrow-right pl-10\" aria-hidden=\"true\"><\/i><\/a>[\/et_pb_blurb][et_pb_blurb title=\u00bbHorario de atenci\u00f3n al p\u00fablico en nuestras tiendas f\u00edsicas\u00bb use_icon=\u00bbon\u00bb font_icon=\u00bb&#xf017;||fa||400&#8243; icon_color=\u00bb#00672c\u00bb admin_label=\u00bbAnuncio Empresa Familiar\u00bb _builder_version=\u00bb4.27.5&#8243; _module_preset=\u00bb66a44df2-45d4-40a3-ab0c-cf2306428e0d\u00bb header_font_size=\u00bb20px\u00bb use_background_color_gradient=\u00bbon\u00bb background_color_gradient_stops=\u00bb#f0bf28 0%|rgba(240,191,40,0) 100%\u00bb custom_margin=\u00bb0px||40px||false|false\u00bb custom_css_free_form=\u00bb.new_anuncio-widget .et_pb_blurb_container {||    padding: 20px; ||    display: flex;||    flex-direction: column;||    justify-content: space-evenly;||    flex-wrap: nowrap;||    height: auto;||}||.btn.radius-50.btn-default-transparent.position { display:block;||  margin:20px auto;||border: 1px #007A00 solid; border-radius:50px;width:fit-content; padding:10px 24px; ||}||.btn.radius-50.btn-default-transparent.position:hover {background-color: #00000010;}||\/*Correcci\u00f3n Im\u00e1genes Banners *\/||span.et_pb_image_wrap.et_pb_only_image_mode_wrap {||    width: 100%!important;||    background-color: transparent!important;||border: none!important;||border-radius: 0!important; margin:0px!important;padding:0px!important; padding-bottom:0px!important; padding-left:0px!important; padding-right:0px!important; padding-top:0px!important;||}||.nav.nav-pills.nav-stacked li {||    padding-bottom: 16px;||    border-bottom: thin solid #C3C3C3;||    margin-bottom: 16px;||    list-style-type: none;||\t}\u00bb border_radii=\u00bboff||16px||\u00bb global_module=\u00bb257313&#8243; locked=\u00bboff\u00bb global_colors_info=\u00bb{}\u00bb]<\/p>\n<div class=\"arbitraje-bg p-20\">\n<p><!--<\/p>\n\n\n\n\n\n\n\n\n\n\n\n\n<h3 class=\"arbitraje\">Nuestras tiendas est\u00e1n <strong>cerradas por vacaciones<\/strong> del 6 hasta el 27 de agosto.<\/h3>\n\n\n\n\n\n\n\n\n\n\n\n\n<p>spanClass_striketrough--><\/p>\n<div class=\"separator\"><strong>Madrid<\/strong><\/div>\n<div id=\"accordion-2\" class=\"panel-group \">\n<div class=\"panel panel-default arbitraje\">\n<div class=\"panel-body transp\">\n<p class=\"small-xs\"><span class=\"\">Lunes a viernes: 9:00\u201319:30<br \/>S\u00e1bado: 9:00\u201314:00<br \/><\/span>Domingo: Cerrado<\/p>\n<p class=\"small-xs\"><strong>Legan\u00e9s<\/strong><br \/><span class=\"\">Lunes a viernes: 7:00\u201317:00<br \/>S\u00e1bado: 9:00\u201314:00<br \/><\/span>Domingo: Cerrado<\/p>\n<\/div>\n<\/div>\n<\/div>\n<\/div>\n<p><a class=\"btn radius-50 btn-default-transparent position\" title=\"\" href=\"https:\/\/www.google.com\/search?q=Ronsel+Tintorerias+en+Madrid&amp;rlz=1C1GCEA_enES1100ES1100&amp;oq=Ronsel+Tintorerias+en+Madrid&amp;gs_lcrp=EgZjaHJvbWUyBggAEEUYOTIICAEQABgWGB4yCggCEAAYgAQYogQyCggDEAAYgAQYogQyBwgEEAAY7wXSAQc1NjVqMGo3qAIAsAIA&amp;sourceid=chrome&amp;ie=UTF-8&amp;sei=s-JEae7KJt3V7M8PgIy9mQY\" rel=\"nofollow noopener\" target=\"_blank\">Ver horarios en Google<\/a><\/p>\n<p>[\/et_pb_blurb][et_pb_blurb title=\u00bbNuestras Tiendas\u00bb admin_label=\u00bbAnuncio Empresa Familiar\u00bb _builder_version=\u00bb4.27.5&#8243; _module_preset=\u00bb66a44df2-45d4-40a3-ab0c-cf2306428e0d\u00bb use_background_color_gradient=\u00bbon\u00bb background_color_gradient_stops=\u00bb#dff0d8 0%|rgba(240,191,40,0) 100%\u00bb custom_margin=\u00bb0px||40px||false|false\u00bb custom_css_free_form=\u00bb.new_anuncio-widget .et_pb_blurb_container {||    padding: 20px; ||    display: flex;||    flex-direction: column;||    justify-content: space-evenly;||    flex-wrap: nowrap;||    height: auto;||}||.btn.radius-50.btn-default-transparent.position { display:block;||  margin:20px auto;||border: 1px #007A00 solid; border-radius:50px;width:fit-content; padding:10px 24px; ||}||.btn.radius-50.btn-default-transparent.position:hover {background-color: #00000010;}||\/*Correcci\u00f3n Im\u00e1genes Banners *\/||span.et_pb_image_wrap.et_pb_only_image_mode_wrap {||    width: 100%!important;||    background-color: transparent!important;||border: none!important;||border-radius: 0!important; margin:0px!important;padding:0px!important; padding-bottom:0px!important; padding-left:0px!important; padding-right:0px!important; padding-top:0px!important;||}||.nav.nav-pills.nav-stacked li {||    padding-bottom: 16px;||    border-bottom: thin solid #C3C3C3;||    margin-bottom: 16px;||    list-style-type: none;||\t}\u00bb border_radii=\u00bboff||16px||\u00bb global_module=\u00bb257312&#8243; locked=\u00bboff\u00bb global_colors_info=\u00bb{}\u00bb]<\/p>\n<div class=\"clearfix bg-success box-shadow-1 p-20 box-selector-tiendas\">\n<nav>\n<ul class=\"nav nav-pills nav-stacked\">\n<li><a href=\"#tienda_pardinas\">General Pardi\u00f1as, 41<\/a><\/li>\n<li><a href=\"#tienda_balboa\">N\u00fa\u00f1ez de Balboa, 95<\/a><\/li>\n<li><a href=\"#tienda_zurbano\">Zurbano, 58<\/a><\/li>\n<li><a href=\"#tienda_leganes\">Calle del Trigo 1, Legan\u00e9s<\/a><\/li>\n<\/ul>\n<\/nav>\n<p class=\"small-xs box-hyphens black-text\">En <span style=\"color: #339966;\"><strong class=\"default-color\">Tintorer\u00edas Ronsel<\/strong><\/span> somos especialistas en el cuidado, <em>limpieza<\/em>, <em>desmanchado<\/em> y <em>desodorizaci\u00f3n<\/em> de sus <em>prendas de vestir<\/em> y del <em>hogar<\/em>.<\/p>\n<div class=\"text-center\"><a class=\"btn radius-50 btn-default-transparent position\" title=\"Tel\u00e9fono de atenci\u00f3n al cliente\" href=\"tel:\/\/680590069\" rel=\"nofollow\">Ll\u00e1menos ahora <i class=\"fa fa-phone pl-10\" aria-hidden=\"true\"><\/i><\/a><\/div>\n<\/div>\n<p>[\/et_pb_blurb][et_pb_code admin_label=\u00bb&#8212;-Separador Aqua Derecha&#8212;-\u00bb _builder_version=\u00bb4.20.2&#8243; _module_preset=\u00bbdefault\u00bb custom_margin=\u00bb25px||||false|false\u00bb global_colors_info=\u00bb{}\u00bb]<\/p>\n<div id=\"separator-black\" style=\"width: 90%;<!-- [et_pb_line_break_holder] -->    margin: 30px 0px 30px 20px;<!-- [et_pb_line_break_holder] -->    position: relative;<!-- [et_pb_line_break_holder] -->    height: 2px;<!-- [et_pb_line_break_holder] -->    -webkit-backface-visibility: hidden;<!-- [et_pb_line_break_holder] -->    -webkit-transform: translateZ(0) scale(1, 1);<!-- [et_pb_line_break_holder] -->    background: linear-gradient(to right, rgba(99,213,202, 0) 0%, rgba(0,127,127, 0.5) 33%, rgba(0,187,187, 0.5) 66%, rgba(0, 0, 0, 0) 100%);\u00bb><\/div>\n<p>[\/et_pb_code][et_pb_wc_cart_totals _builder_version=\u00bb4.27.4&#8243; _module_preset=\u00bbdefault\u00bb global_colors_info=\u00bb{}\u00bb][\/et_pb_wc_cart_totals][\/et_pb_column][\/et_pb_row][\/et_pb_section]<\/p>\n","protected":false},"excerpt":{"rendered":"<p>Limpiamos de sus manteles y servilletas, caminos de mesa y toda clase de prendas de mesa o comedor aquellas manchas amarillas que les dan a una apariencia de \u00abantiguos\u00bb.<\/p>\n","protected":false},"author":2,"featured_media":0,"parent":0,"menu_order":0,"comment_status":"closed","ping_status":"closed","template":"","meta":{"_acf_changed":false,"_et_pb_use_builder":"on","_et_pb_old_content":"","_et_gb_content_width":"","footnotes":""},"class_list":["post-259865","page","type-page","status-publish","hentry"],"acf":[],"_links":{"self":[{"href":"https:\/\/tintoreriasronsel.es\/tienda\/wp-json\/wp\/v2\/pages\/259865","targetHints":{"allow":["GET"]}}],"collection":[{"href":"https:\/\/tintoreriasronsel.es\/tienda\/wp-json\/wp\/v2\/pages"}],"about":[{"href":"https:\/\/tintoreriasronsel.es\/tienda\/wp-json\/wp\/v2\/types\/page"}],"author":[{"embeddable":true,"href":"https:\/\/tintoreriasronsel.es\/tienda\/wp-json\/wp\/v2\/users\/2"}],"replies":[{"embeddable":true,"href":"https:\/\/tintoreriasronsel.es\/tienda\/wp-json\/wp\/v2\/comments?post=259865"}],"version-history":[{"count":0,"href":"https:\/\/tintoreriasronsel.es\/tienda\/wp-json\/wp\/v2\/pages\/259865\/revisions"}],"wp:attachment":[{"href":"https:\/\/tintoreriasronsel.es\/tienda\/wp-json\/wp\/v2\/media?parent=259865"}],"curies":[{"name":"wp","href":"https:\/\/api.w.org\/{rel}","templated":true}]}}