{"id":259861,"date":"2026-02-09T17:03:18","date_gmt":"2026-02-09T16:03:18","guid":{"rendered":"https:\/\/tintoreriasronsel.es\/tienda\/?page_id=259861"},"modified":"2026-03-27T13:37:39","modified_gmt":"2026-03-27T12:37:39","slug":"limpieza-colchas-edredones-mantas-cojines-hogar","status":"publish","type":"page","link":"https:\/\/tintoreriasronsel.es\/tienda\/limpieza-colchas-edredones-mantas-cojines-hogar\/","title":{"rendered":"Limpieza de colchas, edredones, n\u00f3rdicos, cojines"},"content":{"rendered":"<p>[et_pb_section fb_built=\u00bb1&#8243; fullwidth=\u00bbon\u00bb _builder_version=\u00bb4.27.5&#8243; _module_preset=\u00bb823ce878-3029-43b3-8abe-629fa3a9f11f\u00bb hover_enabled=\u00bb0&#8243; da_disable_devices=\u00bboff|off|off\u00bb global_colors_info=\u00bb{}\u00bb sticky_enabled=\u00bb0&#8243; da_is_popup=\u00bboff\u00bb da_exit_intent=\u00bboff\u00bb da_has_close=\u00bbon\u00bb da_alt_close=\u00bboff\u00bb da_dark_close=\u00bboff\u00bb da_not_modal=\u00bbon\u00bb da_is_singular=\u00bboff\u00bb da_with_loader=\u00bboff\u00bb da_has_shadow=\u00bbon\u00bb][et_pb_fullwidth_slider _builder_version=\u00bb4.27.6&#8243; _module_preset=\u00bbf256feb6-47d0-454a-8b24-05a06e6ba2ce\u00bb hover_enabled=\u00bb0&#8243; global_colors_info=\u00bb{}\u00bb sticky_enabled=\u00bb0&#8243;][et_pb_slide heading=\u00bbProfesionales en cuidados especiales para su ropa de cama\u00bb _builder_version=\u00bb4.27.6&#8243; _module_preset=\u00bbc3ac9349-aa86-4eba-8ae2-ad7ef5a513e2&#8243; background_enable_image=\u00bboff\u00bb background_enable_video_mp4=\u00bboff\u00bb background_enable_video_webm=\u00bboff\u00bb hover_enabled=\u00bb0&#8243; global_colors_info=\u00bb{}\u00bb sticky_transition=\u00bbon\u00bb sticky_enabled=\u00bb0&#8243;]<\/p>\n<p>Almohadas, cojines de plumas y fundas de coj\u00edn, colchas con volantes fruncidos, lisas, s\u00e1banas, cubre colchones, y edredones o n\u00f3rdicos en todas las medidas.<\/p>\n<p>&nbsp;<\/p>\n<p>[\/et_pb_slide][\/et_pb_fullwidth_slider][\/et_pb_section][et_pb_section fb_built=\u00bb1&#8243; _builder_version=\u00bb4.27.5&#8243; _module_preset=\u00bbbfac45bc-b245-4f94-a83a-02efdb34caa5&#8243; background_image=\u00bbhttps:\/\/tintoreriasronsel.es\/tienda\/wp-content\/uploads\/2025\/09\/sombra-capa.webp\u00bb background_size=\u00bbcontain\u00bb background_position=\u00bbtop_center\u00bb custom_margin=\u00bb0px||||false|false\u00bb custom_padding=\u00bb0px||||false|false\u00bb da_disable_devices=\u00bboff|off|off\u00bb global_colors_info=\u00bb{}\u00bb da_is_popup=\u00bboff\u00bb da_exit_intent=\u00bboff\u00bb da_has_close=\u00bbon\u00bb da_alt_close=\u00bboff\u00bb da_dark_close=\u00bboff\u00bb da_not_modal=\u00bbon\u00bb da_is_singular=\u00bboff\u00bb da_with_loader=\u00bboff\u00bb da_has_shadow=\u00bbon\u00bb][et_pb_row _builder_version=\u00bb4.27.5&#8243; _module_preset=\u00bb11248acd-95f2-441d-b466-62b1a9cf67c8&#8243; global_colors_info=\u00bb{}\u00bb][et_pb_column type=\u00bb4_4&#8243; _builder_version=\u00bb4.27.4&#8243; _module_preset=\u00bb_initial\u00bb global_colors_info=\u00bb{}\u00bb][et_pb_heading title=\u00bb@ET-DC@eyJkeW5hbWljIjp0cnVlLCJjb250ZW50IjoicG9zdF90aXRsZSIsInNldHRpbmdzIjp7ImJlZm9yZSI6IiIsImFmdGVyIjoiIn19@\u00bb _builder_version=\u00bb4.27.5&#8243; _dynamic_attributes=\u00bbtitle\u00bb _module_preset=\u00bbc88a714a-1137-4742-bbe0-999ea2af2593&#8243; global_colors_info=\u00bb{}\u00bb][\/et_pb_heading][\/et_pb_column][\/et_pb_row][et_pb_row column_structure=\u00bb2_3,1_3&#8243; _builder_version=\u00bb4.27.5&#8243; _module_preset=\u00bb37eb2ac9-85d2-41b2-b7d2-a39dd2121996&#8243; global_colors_info=\u00bb{}\u00bb][et_pb_column type=\u00bb2_3&#8243; _builder_version=\u00bb4.27.4&#8243; _module_preset=\u00bb_initial\u00bb global_colors_info=\u00bb{}\u00bb][et_pb_text _builder_version=\u00bb4.27.5&#8243; _module_preset=\u00bbed843646-dd90-4212-9af2-292331f3c906&#8243; saved_tabs=\u00bball\u00bb global_colors_info=\u00bb{}\u00bb]<\/p>\n<h2>Tenemos cuidados especiales para su ropa de cama y todas las prendas de su hogar<\/h2>\n<p>En nuestra tintorer\u00eda limpiamos toda clase de prendas del hogar tales como: <em>almohadas<\/em>,\u00a0<em>cojines<\/em>\u00a0de plumas y\u00a0<em>funda<\/em>s de coj\u00edn,\u00a0<em>colcha<\/em>s con volantes fruncidos, lisas,\u00a0<em>s\u00e1banas<\/em>,\u00a0<em>cubre colchones<\/em>, y todas las medidas de\u00a0<em>edredones\u00a0<\/em>o<em>\u00a0n\u00f3rdicos\u00a0<\/em>(de 90 cms, de 135 cms, de 150 cms), edred\u00f3n\u00a0<em>de plumas\u00a0<\/em>(de 90 cms, de 135 cms, de 150 cms),\u00a0<em>fundas<\/em>\u00a0de edredones normales o de tejidos especiales (de 90 cms, de 135 cms, de 150 cms),\u00a0<em>fundas de sof\u00e1<\/em>\u00a0de 1, 2 y 3 plazas,\u00a0<em>mantas\u00a0<\/em>(de 90 cms, de 135 cms, de 150 cms).<\/p>\n<p>[\/et_pb_text][et_pb_text _builder_version=\u00bb4.27.5&#8243; _module_preset=\u00bbfe6fec19-6afc-4b97-8e58-48e482f1f11c\u00bb global_colors_info=\u00bb{}\u00bb]<\/p>\n<p>Limpieza, lavado profesional y desodorizaci\u00f3n para rellenos de plumas.<\/p>\n<p>[\/et_pb_text][et_pb_image src=\u00bbhttps:\/\/tintoreriasronsel.es\/images\/tintoreria-img-colchas-1.jpg\u00bb _builder_version=\u00bb4.27.5&#8243; _module_preset=\u00bb26d79bff-0e7c-41b3-a2e6-fb9ce26a33c3&#8243; global_colors_info=\u00bb{}\u00bb][\/et_pb_image][et_pb_text _builder_version=\u00bb4.27.5&#8243; _module_preset=\u00bbed843646-dd90-4212-9af2-292331f3c906&#8243; global_colors_info=\u00bb{}\u00bb]<\/p>\n<p>En\u00a0<strong>Tintorer\u00edas Ronsel<\/strong>\u00a0las prendas de su hogar reciben un cuidadoso tratamiento profesional que incluye:<\/p>\n<ul class=\"list-plancha box-list\">\n<li>Lavado en seco.<\/li>\n<li>Lavado en agua.<\/li>\n<li>T\u00e9cnicas de desmanchado espec\u00edficas para cada caso que analizamos previamente.<\/li>\n<li>Planchado manual, en prensa o maniqu\u00ed.<\/li>\n<li>Procesos de conservaci\u00f3n adicionales a pedido de nuestro cliente, como la desodorizaci\u00f3n con ozono o el empaquetado al vac\u00edo.<\/li>\n<\/ul>\n<p>[\/et_pb_text][et_pb_blurb title=\u00bbRonsel\u00bb image=\u00bbhttps:\/\/tintoreriasronsel.es\/images\/slide\/box-horizontal_sorpresa_izq.jpg\u00bb admin_label=\u00bbAnuncio_PRECIOS\u00bb _builder_version=\u00bb4.27.5&#8243; _module_preset=\u00bbe81f41cf-abd9-427c-bce9-2221fd3a1575&#8243; background_color=\u00bbrgba(223,240,216,0.76)\u00bb background_enable_color=\u00bboff\u00bb custom_css_blurb_image=\u00bb\twidth:max-content;\u00bb global_module=\u00bb257315&#8243; saved_tabs=\u00bball\u00bb locked=\u00bboff\u00bb global_colors_info=\u00bb{}\u00bb]<\/p>\n<p>Porque en <strong>Tintorer\u00edas Ronsel<\/strong> siempre ofrecemos a nuestros clientes los precios m\u00e1s econ\u00f3micos y el servicio m\u00e1s eficiente. Servicio a Domicilio en casi todo Madrid Capital.<\/p>\n<p><a class=\"btn radius-50 btn-default-transparent position\" title=\"Ronsel\" href=\"https:\/\/tintoreriasronsel.es\/tienda\/precios-tarifas-y-promociones-de-tintoreria\/\" target=\"_blank\" rel=\"noopener\">Lista de Precios <i class=\"fa fa-arrow-right pl-10\"><\/i><\/a><\/p>\n<p>[\/et_pb_blurb][et_pb_social_media_follow admin_label=\u00bbnew_Social Media Follow\u00bb _builder_version=\u00bb4.27.5&#8243; _module_preset=\u00bb4fcc37f5-4719-4bf9-af1f-76dcd4e0d0d4&#8243; link_shape=\u00bbcircle\u00bb global_module=\u00bb257317&#8243; saved_tabs=\u00bball\u00bb locked=\u00bboff\u00bb global_colors_info=\u00bb{}\u00bb][et_pb_social_media_follow_network social_network=\u00bbinstagram\u00bb url=\u00bbhttps:\/\/www.instagram.com\/tintoreriasronsel\/\u00bb _builder_version=\u00bb4.27.5&#8243; _module_preset=\u00bb23328980-f28f-45e8-9e88-0b3621421c45&#8243; global_colors_info=\u00bb{}\u00bb follow_button=\u00bboff\u00bb url_new_window=\u00bboff\u00bb]instagram[\/et_pb_social_media_follow_network][\/et_pb_social_media_follow][\/et_pb_column][et_pb_column type=\u00bb1_3&#8243; _builder_version=\u00bb4.27.5&#8243; _module_preset=\u00bb7dabacaf-ca12-40c4-981a-b566304d6ea8&#8243; global_colors_info=\u00bb{}\u00bb][et_pb_blurb title=\u00bbHorario de atenci\u00f3n al p\u00fablico en nuestras tiendas f\u00edsicas\u00bb use_icon=\u00bbon\u00bb font_icon=\u00bb&#xf017;||fa||400&#8243; icon_color=\u00bb#00672c\u00bb admin_label=\u00bbAnuncio Empresa Familiar\u00bb _builder_version=\u00bb4.27.5&#8243; _module_preset=\u00bb66a44df2-45d4-40a3-ab0c-cf2306428e0d\u00bb header_font_size=\u00bb20px\u00bb use_background_color_gradient=\u00bbon\u00bb background_color_gradient_stops=\u00bb#f0bf28 0%|rgba(240,191,40,0) 100%\u00bb custom_margin=\u00bb0px||40px||false|false\u00bb custom_css_free_form=\u00bb.new_anuncio-widget .et_pb_blurb_container {||    padding: 20px; ||    display: flex;||    flex-direction: column;||    justify-content: space-evenly;||    flex-wrap: nowrap;||    height: auto;||}||.btn.radius-50.btn-default-transparent.position { display:block;||  margin:20px auto;||border: 1px #007A00 solid; border-radius:50px;width:fit-content; padding:10px 24px; ||}||.btn.radius-50.btn-default-transparent.position:hover {background-color: #00000010;}||\/*Correcci\u00f3n Im\u00e1genes Banners *\/||span.et_pb_image_wrap.et_pb_only_image_mode_wrap {||    width: 100%!important;||    background-color: transparent!important;||border: none!important;||border-radius: 0!important; margin:0px!important;padding:0px!important; padding-bottom:0px!important; padding-left:0px!important; padding-right:0px!important; padding-top:0px!important;||}||.nav.nav-pills.nav-stacked li {||    padding-bottom: 16px;||    border-bottom: thin solid #C3C3C3;||    margin-bottom: 16px;||    list-style-type: none;||\t}\u00bb border_radii=\u00bboff||16px||\u00bb global_module=\u00bb257313&#8243; locked=\u00bboff\u00bb global_colors_info=\u00bb{}\u00bb]<\/p>\n<div class=\"arbitraje-bg p-20\">\n<p><!--<\/p>\n\n\n\n\n\n\n\n\n\n\n\n\n<h3 class=\"arbitraje\">Nuestras tiendas est\u00e1n <strong>cerradas por vacaciones<\/strong> del 6 hasta el 27 de agosto.<\/h3>\n\n\n\n\n\n\n\n\n\n\n\n\n<p>spanClass_striketrough--><\/p>\n<div class=\"separator\"><strong>Madrid<\/strong><\/div>\n<div id=\"accordion-2\" class=\"panel-group \">\n<div class=\"panel panel-default arbitraje\">\n<div class=\"panel-body transp\">\n<p class=\"small-xs\"><span class=\"\">Lunes a viernes: 9:00\u201319:30<br \/>S\u00e1bado: 9:00\u201314:00<br \/><\/span>Domingo: Cerrado<\/p>\n<p class=\"small-xs\"><strong>Legan\u00e9s<\/strong><br \/><span class=\"\">Lunes a viernes: 7:00\u201317:00<br \/>S\u00e1bado: 9:00\u201314:00<br \/><\/span>Domingo: Cerrado<\/p>\n<\/div>\n<\/div>\n<\/div>\n<\/div>\n<p><a class=\"btn radius-50 btn-default-transparent position\" title=\"\" href=\"https:\/\/www.google.com\/search?q=Ronsel+Tintorerias+en+Madrid&amp;rlz=1C1GCEA_enES1100ES1100&amp;oq=Ronsel+Tintorerias+en+Madrid&amp;gs_lcrp=EgZjaHJvbWUyBggAEEUYOTIICAEQABgWGB4yCggCEAAYgAQYogQyCggDEAAYgAQYogQyBwgEEAAY7wXSAQc1NjVqMGo3qAIAsAIA&amp;sourceid=chrome&amp;ie=UTF-8&amp;sei=s-JEae7KJt3V7M8PgIy9mQY\" rel=\"nofollow noopener\" target=\"_blank\">Ver horarios en Google<\/a><\/p>\n<p>[\/et_pb_blurb][et_pb_blurb title=\u00bbNuestras Tiendas\u00bb admin_label=\u00bbAnuncio Empresa Familiar\u00bb _builder_version=\u00bb4.27.5&#8243; _module_preset=\u00bb66a44df2-45d4-40a3-ab0c-cf2306428e0d\u00bb use_background_color_gradient=\u00bbon\u00bb background_color_gradient_stops=\u00bb#dff0d8 0%|rgba(240,191,40,0) 100%\u00bb custom_margin=\u00bb0px||40px||false|false\u00bb custom_css_free_form=\u00bb.new_anuncio-widget .et_pb_blurb_container {||    padding: 20px; ||    display: flex;||    flex-direction: column;||    justify-content: space-evenly;||    flex-wrap: nowrap;||    height: auto;||}||.btn.radius-50.btn-default-transparent.position { display:block;||  margin:20px auto;||border: 1px #007A00 solid; border-radius:50px;width:fit-content; padding:10px 24px; ||}||.btn.radius-50.btn-default-transparent.position:hover {background-color: #00000010;}||\/*Correcci\u00f3n Im\u00e1genes Banners *\/||span.et_pb_image_wrap.et_pb_only_image_mode_wrap {||    width: 100%!important;||    background-color: transparent!important;||border: none!important;||border-radius: 0!important; margin:0px!important;padding:0px!important; padding-bottom:0px!important; padding-left:0px!important; padding-right:0px!important; padding-top:0px!important;||}||.nav.nav-pills.nav-stacked li {||    padding-bottom: 16px;||    border-bottom: thin solid #C3C3C3;||    margin-bottom: 16px;||    list-style-type: none;||\t}\u00bb border_radii=\u00bboff||16px||\u00bb global_module=\u00bb257312&#8243; locked=\u00bboff\u00bb global_colors_info=\u00bb{}\u00bb]<\/p>\n<div class=\"clearfix bg-success box-shadow-1 p-20 box-selector-tiendas\">\n<nav>\n<ul class=\"nav nav-pills nav-stacked\">\n<li><a href=\"#tienda_pardinas\">General Pardi\u00f1as, 41<\/a><\/li>\n<li><a href=\"#tienda_balboa\">N\u00fa\u00f1ez de Balboa, 95<\/a><\/li>\n<li><a href=\"#tienda_zurbano\">Zurbano, 58<\/a><\/li>\n<li><a href=\"#tienda_leganes\">Calle del Trigo 1, Legan\u00e9s<\/a><\/li>\n<\/ul>\n<\/nav>\n<p class=\"small-xs box-hyphens black-text\">En <span style=\"color: #339966;\"><strong class=\"default-color\">Tintorer\u00edas Ronsel<\/strong><\/span> somos especialistas en el cuidado, <em>limpieza<\/em>, <em>desmanchado<\/em> y <em>desodorizaci\u00f3n<\/em> de sus <em>prendas de vestir<\/em> y del <em>hogar<\/em>.<\/p>\n<div class=\"text-center\"><a class=\"btn radius-50 btn-default-transparent position\" title=\"Tel\u00e9fono de atenci\u00f3n al cliente\" href=\"tel:\/\/680590069\" rel=\"nofollow\">Ll\u00e1menos ahora <i class=\"fa fa-phone pl-10\" aria-hidden=\"true\"><\/i><\/a><\/div>\n<\/div>\n<p>[\/et_pb_blurb][et_pb_code admin_label=\u00bb&#8212;-Separador Aqua Derecha&#8212;-\u00bb _builder_version=\u00bb4.20.2&#8243; _module_preset=\u00bbdefault\u00bb custom_margin=\u00bb25px||||false|false\u00bb global_colors_info=\u00bb{}\u00bb]<\/p>\n<div id=\"separator-black\" style=\"width: 90%;<!-- [et_pb_line_break_holder] -->    margin: 30px 0px 30px 20px;<!-- [et_pb_line_break_holder] -->    position: relative;<!-- [et_pb_line_break_holder] -->    height: 2px;<!-- [et_pb_line_break_holder] -->    -webkit-backface-visibility: hidden;<!-- [et_pb_line_break_holder] -->    -webkit-transform: translateZ(0) scale(1, 1);<!-- [et_pb_line_break_holder] -->    background: linear-gradient(to right, rgba(99,213,202, 0) 0%, rgba(0,127,127, 0.5) 33%, rgba(0,187,187, 0.5) 66%, rgba(0, 0, 0, 0) 100%);\u00bb><\/div>\n<p>[\/et_pb_code][et_pb_wc_cart_totals _builder_version=\u00bb4.27.4&#8243; _module_preset=\u00bbdefault\u00bb global_colors_info=\u00bb{}\u00bb][\/et_pb_wc_cart_totals][\/et_pb_column][\/et_pb_row][\/et_pb_section]<\/p>\n","protected":false},"excerpt":{"rendered":"<p>Almohadas, cojines de plumas y fundas de coj\u00edn, colchas con volantes fruncidos, lisas, s\u00e1banas, cubre colchones, y edredones o n\u00f3rdicos en todas las medidas. &nbsp;Tenemos cuidados especiales para su ropa de cama y todas las prendas de su hogar En nuestra tintorer\u00eda limpiamos toda clase de prendas del hogar tales como: almohadas,\u00a0cojines\u00a0de plumas y\u00a0fundas de [&hellip;]<\/p>\n","protected":false},"author":2,"featured_media":0,"parent":0,"menu_order":0,"comment_status":"closed","ping_status":"closed","template":"","meta":{"_acf_changed":false,"_et_pb_use_builder":"on","_et_pb_old_content":"","_et_gb_content_width":"","footnotes":""},"class_list":["post-259861","page","type-page","status-publish","hentry"],"acf":[],"_links":{"self":[{"href":"https:\/\/tintoreriasronsel.es\/tienda\/wp-json\/wp\/v2\/pages\/259861","targetHints":{"allow":["GET"]}}],"collection":[{"href":"https:\/\/tintoreriasronsel.es\/tienda\/wp-json\/wp\/v2\/pages"}],"about":[{"href":"https:\/\/tintoreriasronsel.es\/tienda\/wp-json\/wp\/v2\/types\/page"}],"author":[{"embeddable":true,"href":"https:\/\/tintoreriasronsel.es\/tienda\/wp-json\/wp\/v2\/users\/2"}],"replies":[{"embeddable":true,"href":"https:\/\/tintoreriasronsel.es\/tienda\/wp-json\/wp\/v2\/comments?post=259861"}],"version-history":[{"count":0,"href":"https:\/\/tintoreriasronsel.es\/tienda\/wp-json\/wp\/v2\/pages\/259861\/revisions"}],"wp:attachment":[{"href":"https:\/\/tintoreriasronsel.es\/tienda\/wp-json\/wp\/v2\/media?parent=259861"}],"curies":[{"name":"wp","href":"https:\/\/api.w.org\/{rel}","templated":true}]}}