{"id":259407,"date":"2026-02-04T15:43:26","date_gmt":"2026-02-04T14:43:26","guid":{"rendered":"https:\/\/tintoreriasronsel.es\/tienda\/?page_id=259407"},"modified":"2026-03-03T12:46:39","modified_gmt":"2026-03-03T11:46:39","slug":"limpieza-prendas-delicadas-tintoreria","status":"publish","type":"page","link":"https:\/\/tintoreriasronsel.es\/tienda\/limpieza-prendas-delicadas-tintoreria\/","title":{"rendered":"Especialistas en limpieza de ropa delicada: Tintorer\u00edas Ronsel"},"content":{"rendered":"<p>[et_pb_section fb_built=\u00bb1&#8243; fullwidth=\u00bbon\u00bb _builder_version=\u00bb4.27.5&#8243; _module_preset=\u00bb823ce878-3029-43b3-8abe-629fa3a9f11f\u00bb da_disable_devices=\u00bboff|off|off\u00bb global_colors_info=\u00bb{}\u00bb da_is_popup=\u00bboff\u00bb da_exit_intent=\u00bboff\u00bb da_has_close=\u00bbon\u00bb da_alt_close=\u00bboff\u00bb da_dark_close=\u00bboff\u00bb da_not_modal=\u00bbon\u00bb da_is_singular=\u00bboff\u00bb da_with_loader=\u00bboff\u00bb da_has_shadow=\u00bbon\u00bb][et_pb_fullwidth_slider _builder_version=\u00bb4.27.5&#8243; _module_preset=\u00bbf256feb6-47d0-454a-8b24-05a06e6ba2ce\u00bb global_colors_info=\u00bb{}\u00bb][et_pb_slide heading=\u00bbLimpieza de prendas delicadas y tejidos especiales\u00bb button_text=\u00bbNuestros Servicios\u00bb button_link=\u00bbhttps:\/\/tintoreriasronsel.es\/servicios-tintoreria-lavado-planchado.shtml\u00bb _builder_version=\u00bb4.27.5&#8243; _module_preset=\u00bbc3ac9349-aa86-4eba-8ae2-ad7ef5a513e2&#8243; background_enable_image=\u00bboff\u00bb background_enable_video_mp4=\u00bboff\u00bb background_video_webm=\u00bbhttps:\/\/tintoreriasronsel.es\/videos\/16_limpieza-prendas-delicadas-tintoreria.webm\u00bb background_enable_video_webm=\u00bbon\u00bb global_colors_info=\u00bb{}\u00bb sticky_transition=\u00bbon\u00bb]<\/p>\n<p>En sus ocasiones especiales entregue sus prendas delicadas a Tintorer\u00edas Ronsel para que luzcan con una apariencia como nueva.<\/p>\n<p>[\/et_pb_slide][\/et_pb_fullwidth_slider][\/et_pb_section][et_pb_section fb_built=\u00bb1&#8243; _builder_version=\u00bb4.27.5&#8243; _module_preset=\u00bbbfac45bc-b245-4f94-a83a-02efdb34caa5&#8243; background_image=\u00bbhttps:\/\/tintoreriasronsel.es\/tienda\/wp-content\/uploads\/2025\/09\/sombra-capa.webp\u00bb background_size=\u00bbcontain\u00bb background_position=\u00bbtop_center\u00bb custom_margin=\u00bb0px||||false|false\u00bb custom_padding=\u00bb0px||||false|false\u00bb da_disable_devices=\u00bboff|off|off\u00bb global_colors_info=\u00bb{}\u00bb da_is_popup=\u00bboff\u00bb da_exit_intent=\u00bboff\u00bb da_has_close=\u00bbon\u00bb da_alt_close=\u00bboff\u00bb da_dark_close=\u00bboff\u00bb da_not_modal=\u00bbon\u00bb da_is_singular=\u00bboff\u00bb da_with_loader=\u00bboff\u00bb da_has_shadow=\u00bbon\u00bb][et_pb_row _builder_version=\u00bb4.27.5&#8243; _module_preset=\u00bb11248acd-95f2-441d-b466-62b1a9cf67c8&#8243; global_colors_info=\u00bb{}\u00bb][et_pb_column type=\u00bb4_4&#8243; _builder_version=\u00bb4.27.4&#8243; _module_preset=\u00bbdefault\u00bb global_colors_info=\u00bb{}\u00bb][et_pb_heading title=\u00bb@ET-DC@eyJkeW5hbWljIjp0cnVlLCJjb250ZW50IjoicG9zdF90aXRsZSIsInNldHRpbmdzIjp7ImJlZm9yZSI6IiIsImFmdGVyIjoiIn19@\u00bb _builder_version=\u00bb4.27.5&#8243; _dynamic_attributes=\u00bbtitle\u00bb _module_preset=\u00bbc88a714a-1137-4742-bbe0-999ea2af2593&#8243; global_colors_info=\u00bb{}\u00bb][\/et_pb_heading][\/et_pb_column][\/et_pb_row][et_pb_row column_structure=\u00bb2_3,1_3&#8243; _builder_version=\u00bb4.27.5&#8243; _module_preset=\u00bb37eb2ac9-85d2-41b2-b7d2-a39dd2121996&#8243; global_colors_info=\u00bb{}\u00bb][et_pb_column type=\u00bb2_3&#8243; _builder_version=\u00bb4.27.4&#8243; _module_preset=\u00bbdefault\u00bb global_colors_info=\u00bb{}\u00bb][et_pb_text _builder_version=\u00bb4.27.5&#8243; _module_preset=\u00bbed843646-dd90-4212-9af2-292331f3c906&#8243; saved_tabs=\u00bball\u00bb global_colors_info=\u00bb{}\u00bb]<\/p>\n<h2>Porque sabemos tratar los tejidos delicados de sus prendas, Ronsel es su tintorer\u00eda<\/h2>\n<h4>Seda, seda salvaje, raso, sat\u00e9n, encaje, tules, brocados, pedrer\u00eda, lentejuelas&#8230;<\/h4>\n<p>En Tintorer\u00edas Ronsel, somos\u00a0<strong>expertos\u00a0<\/strong>en:<\/p>\n<ul class=\"list-icons\">\n<li>Limpieza de\u00a0<strong>tejidos especiales<\/strong>\u00a0y delicados que requieren de procesos adecuados al tipo de tejido y coloraci\u00f3n.<\/li>\n<li>Aplicaci\u00f3n de\u00a0<strong>aprestos<\/strong>\u00a0tradicionales y especiales para los acabados m\u00e1s espectaculares en\u00a0<a title=\"Vestidos de primeracomuni\u00f3n, novia, cristianar.\" href=\"https:\/\/tintoreriasronsel.es\/encanonado-planchado-artesanal.shtml\">vestidos especiales<\/a>\u00a0y en telas como\u00a0<strong>seda, linos y otras fibras naturales<\/strong>.<\/li>\n<li><strong>Planchado<\/strong>\u00a0de prendas con volantes, plisados, y en general de todo tipo de complejidad de dise\u00f1o, porque contamos con maquinaria especializada para planchado al vapor y presi\u00f3n en manos de expertos.<\/li>\n<\/ul>\n<div class=\"image-box style-2 margin-TopBot-20\">\u00a0<\/div>\n<p>[\/et_pb_text][et_pb_slider _builder_version=\u00bb4.27.5&#8243; _module_preset=\u00bb286292b0-30f5-4e18-8414-b715ea525ceb\u00bb locked=\u00bboff\u00bb global_colors_info=\u00bb{}\u00bb][et_pb_slide image=\u00bbhttps:\/\/tintoreriasronsel.es\/_assets\/logos\/logo-galerias-ronsel_TRANS-1.webp\u00bb _builder_version=\u00bb4.27.5&#8243; _module_preset=\u00bb48d92652-2179-46c2-8ea9-17dcfd5f5213&#8243; background_image=\u00bbhttps:\/\/tintoreriasronsel.es\/tienda\/wp-content\/uploads\/2026\/02\/tintoreria-prendas-delicadas-04.jpg\u00bb background_enable_image=\u00bbon\u00bb locked=\u00bboff\u00bb global_colors_info=\u00bb{}\u00bb sticky_transition=\u00bbon\u00bb][\/et_pb_slide][et_pb_slide image=\u00bbhttps:\/\/tintoreriasronsel.es\/_assets\/logos\/logo-galerias-ronsel_TRANS-1.webp\u00bb _builder_version=\u00bb4.27.5&#8243; _module_preset=\u00bb48d92652-2179-46c2-8ea9-17dcfd5f5213&#8243; background_image=\u00bbhttps:\/\/tintoreriasronsel.es\/tienda\/wp-content\/uploads\/2026\/02\/encanonado-planchado-artesanal_06.webp\u00bb background_enable_image=\u00bbon\u00bb locked=\u00bboff\u00bb global_colors_info=\u00bb{}\u00bb sticky_transition=\u00bbon\u00bb][\/et_pb_slide][et_pb_slide image=\u00bbhttps:\/\/tintoreriasronsel.es\/_assets\/logos\/logo-galerias-ronsel_TRANS-1.webp\u00bb _builder_version=\u00bb4.27.5&#8243; _module_preset=\u00bb48d92652-2179-46c2-8ea9-17dcfd5f5213&#8243; background_image=\u00bbhttps:\/\/tintoreriasronsel.es\/tienda\/wp-content\/uploads\/2026\/02\/encanonado-planchado-artesanal_03.webp\u00bb background_enable_image=\u00bbon\u00bb locked=\u00bboff\u00bb global_colors_info=\u00bb{}\u00bb sticky_transition=\u00bbon\u00bb][\/et_pb_slide][et_pb_slide image=\u00bbhttps:\/\/tintoreriasronsel.es\/_assets\/logos\/logo-galerias-ronsel_TRANS-1.webp\u00bb _builder_version=\u00bb4.27.5&#8243; _module_preset=\u00bb48d92652-2179-46c2-8ea9-17dcfd5f5213&#8243; background_image=\u00bbhttps:\/\/tintoreriasronsel.es\/tienda\/wp-content\/uploads\/2026\/02\/encanonado-planchado-artesanal_04.webp\u00bb background_enable_image=\u00bbon\u00bb locked=\u00bboff\u00bb global_colors_info=\u00bb{}\u00bb sticky_transition=\u00bbon\u00bb][\/et_pb_slide][et_pb_slide image=\u00bbhttps:\/\/tintoreriasronsel.es\/_assets\/logos\/logo-galerias-ronsel_TRANS-1.webp\u00bb _builder_version=\u00bb4.27.5&#8243; _module_preset=\u00bb48d92652-2179-46c2-8ea9-17dcfd5f5213&#8243; background_image=\u00bbhttps:\/\/tintoreriasronsel.es\/tienda\/wp-content\/uploads\/2026\/02\/encanonado-planchado-artesanal_05.webp\u00bb background_enable_image=\u00bbon\u00bb locked=\u00bboff\u00bb global_colors_info=\u00bb{}\u00bb sticky_transition=\u00bbon\u00bb][\/et_pb_slide][et_pb_slide image=\u00bbhttps:\/\/tintoreriasronsel.es\/_assets\/logos\/logo-galerias-ronsel_TRANS-1.webp\u00bb _builder_version=\u00bb4.27.5&#8243; _module_preset=\u00bb48d92652-2179-46c2-8ea9-17dcfd5f5213&#8243; background_image=\u00bbhttps:\/\/tintoreriasronsel.es\/tienda\/wp-content\/uploads\/2026\/02\/encanonado-planchado-artesanal_06.webp\u00bb background_enable_image=\u00bbon\u00bb locked=\u00bboff\u00bb global_colors_info=\u00bb{}\u00bb sticky_transition=\u00bbon\u00bb][\/et_pb_slide][\/et_pb_slider][et_pb_video src=\u00bbhttps:\/\/youtu.be\/rZgmhK6RB2Q\u00bb _builder_version=\u00bb4.27.5&#8243; _module_preset=\u00bb99609ec3-c132-45cf-9e02-b70576086351&#8243; global_colors_info=\u00bb{}\u00bb][\/et_pb_video][et_pb_text _builder_version=\u00bb4.27.5&#8243; _module_preset=\u00bb22025a3a-d759-4b67-8c34-405c0d47f63d\u00bb global_colors_info=\u00bb{}\u00bb]<\/p>\n<p class=\"padd-20 default-bg-green-1 mb-40\"><strong>Atendemos su pedido urgente.<\/strong>. Ll\u00e1menos, env\u00edenos un mensaje desde esta Web o vis\u00edtenos para tener el gusto de atenderle.<\/p>\n<p>[\/et_pb_text][et_pb_social_media_follow admin_label=\u00bbnew_Social Media Follow\u00bb _builder_version=\u00bb4.27.5&#8243; _module_preset=\u00bb4fcc37f5-4719-4bf9-af1f-76dcd4e0d0d4&#8243; link_shape=\u00bbcircle\u00bb global_module=\u00bb257317&#8243; saved_tabs=\u00bball\u00bb locked=\u00bboff\u00bb global_colors_info=\u00bb{}\u00bb][et_pb_social_media_follow_network social_network=\u00bbinstagram\u00bb url=\u00bbhttps:\/\/www.instagram.com\/tintoreriasronsel\/\u00bb _builder_version=\u00bb4.27.5&#8243; _module_preset=\u00bb23328980-f28f-45e8-9e88-0b3621421c45&#8243; global_colors_info=\u00bb{}\u00bb follow_button=\u00bboff\u00bb url_new_window=\u00bboff\u00bb]instagram[\/et_pb_social_media_follow_network][\/et_pb_social_media_follow][\/et_pb_column][et_pb_column type=\u00bb1_3&#8243; _builder_version=\u00bb4.27.5&#8243; _module_preset=\u00bb7dabacaf-ca12-40c4-981a-b566304d6ea8&#8243; global_colors_info=\u00bb{}\u00bb][et_pb_blurb title=\u00bbHorario de atenci\u00f3n al p\u00fablico en nuestras tiendas f\u00edsicas\u00bb use_icon=\u00bbon\u00bb font_icon=\u00bb&#xf017;||fa||400&#8243; icon_color=\u00bb#00672c\u00bb admin_label=\u00bbAnuncio Empresa Familiar\u00bb _builder_version=\u00bb4.27.5&#8243; _module_preset=\u00bb66a44df2-45d4-40a3-ab0c-cf2306428e0d\u00bb header_font_size=\u00bb20px\u00bb use_background_color_gradient=\u00bbon\u00bb background_color_gradient_stops=\u00bb#f0bf28 0%|rgba(240,191,40,0) 100%\u00bb custom_margin=\u00bb0px||40px||false|false\u00bb custom_css_free_form=\u00bb.new_anuncio-widget .et_pb_blurb_container {||    padding: 20px; ||    display: flex;||    flex-direction: column;||    justify-content: space-evenly;||    flex-wrap: nowrap;||    height: auto;||}||.btn.radius-50.btn-default-transparent.position { display:block;||  margin:20px auto;||border: 1px #007A00 solid; border-radius:50px;width:fit-content; padding:10px 24px; ||}||.btn.radius-50.btn-default-transparent.position:hover {background-color: #00000010;}||\/*Correcci\u00f3n Im\u00e1genes Banners *\/||span.et_pb_image_wrap.et_pb_only_image_mode_wrap {||    width: 100%!important;||    background-color: transparent!important;||border: none!important;||border-radius: 0!important; margin:0px!important;padding:0px!important; padding-bottom:0px!important; padding-left:0px!important; padding-right:0px!important; padding-top:0px!important;||}||.nav.nav-pills.nav-stacked li {||    padding-bottom: 16px;||    border-bottom: thin solid #C3C3C3;||    margin-bottom: 16px;||    list-style-type: none;||\t}\u00bb border_radii=\u00bboff||16px||\u00bb global_module=\u00bb257313&#8243; locked=\u00bboff\u00bb global_colors_info=\u00bb{}\u00bb]<\/p>\n<div class=\"arbitraje-bg p-20\">\n<p><!--<\/p>\n\n\n\n\n\n\n\n\n\n\n\n\n<h3 class=\"arbitraje\">Nuestras tiendas est\u00e1n <strong>cerradas por vacaciones<\/strong> del 6 hasta el 27 de agosto.<\/h3>\n\n\n\n\n\n\n\n\n\n\n\n\n<p>spanClass_striketrough--><\/p>\n<div class=\"separator\"><strong>Madrid<\/strong><\/div>\n<div id=\"accordion-2\" class=\"panel-group \">\n<div class=\"panel panel-default arbitraje\">\n<div class=\"panel-body transp\">\n<p class=\"small-xs\"><span class=\"\">Lunes a viernes: 9:00\u201319:30<br \/>S\u00e1bado: 9:00\u201314:00<br \/><\/span>Domingo: Cerrado<\/p>\n<p class=\"small-xs\"><strong>Legan\u00e9s<\/strong><br \/><span class=\"\">Lunes a viernes: 7:00\u201317:00<br \/>S\u00e1bado: 9:00\u201314:00<br \/><\/span>Domingo: Cerrado<\/p>\n<\/div>\n<\/div>\n<\/div>\n<\/div>\n<p><a class=\"btn radius-50 btn-default-transparent position\" title=\"\" href=\"https:\/\/www.google.com\/search?q=Ronsel+Tintorerias+en+Madrid&amp;rlz=1C1GCEA_enES1100ES1100&amp;oq=Ronsel+Tintorerias+en+Madrid&amp;gs_lcrp=EgZjaHJvbWUyBggAEEUYOTIICAEQABgWGB4yCggCEAAYgAQYogQyCggDEAAYgAQYogQyBwgEEAAY7wXSAQc1NjVqMGo3qAIAsAIA&amp;sourceid=chrome&amp;ie=UTF-8&amp;sei=s-JEae7KJt3V7M8PgIy9mQY\" rel=\"nofollow noopener\" target=\"_blank\">Ver horarios en Google<\/a><\/p>\n<p>[\/et_pb_blurb][et_pb_blurb title=\u00bbNuestras Tiendas\u00bb admin_label=\u00bbAnuncio Empresa Familiar\u00bb _builder_version=\u00bb4.27.5&#8243; _module_preset=\u00bb66a44df2-45d4-40a3-ab0c-cf2306428e0d\u00bb use_background_color_gradient=\u00bbon\u00bb background_color_gradient_stops=\u00bb#dff0d8 0%|rgba(240,191,40,0) 100%\u00bb custom_margin=\u00bb0px||40px||false|false\u00bb custom_css_free_form=\u00bb.new_anuncio-widget .et_pb_blurb_container {||    padding: 20px; ||    display: flex;||    flex-direction: column;||    justify-content: space-evenly;||    flex-wrap: nowrap;||    height: auto;||}||.btn.radius-50.btn-default-transparent.position { display:block;||  margin:20px auto;||border: 1px #007A00 solid; border-radius:50px;width:fit-content; padding:10px 24px; ||}||.btn.radius-50.btn-default-transparent.position:hover {background-color: #00000010;}||\/*Correcci\u00f3n Im\u00e1genes Banners *\/||span.et_pb_image_wrap.et_pb_only_image_mode_wrap {||    width: 100%!important;||    background-color: transparent!important;||border: none!important;||border-radius: 0!important; margin:0px!important;padding:0px!important; padding-bottom:0px!important; padding-left:0px!important; padding-right:0px!important; padding-top:0px!important;||}||.nav.nav-pills.nav-stacked li {||    padding-bottom: 16px;||    border-bottom: thin solid #C3C3C3;||    margin-bottom: 16px;||    list-style-type: none;||\t}\u00bb border_radii=\u00bboff||16px||\u00bb global_module=\u00bb257312&#8243; locked=\u00bboff\u00bb global_colors_info=\u00bb{}\u00bb]<\/p>\n<div class=\"clearfix bg-success box-shadow-1 p-20 box-selector-tiendas\">\n<nav>\n<ul class=\"nav nav-pills nav-stacked\">\n<li><a href=\"#tienda_pardinas\">General Pardi\u00f1as, 41<\/a><\/li>\n<li><a href=\"#tienda_balboa\">N\u00fa\u00f1ez de Balboa, 95<\/a><\/li>\n<li><a href=\"#tienda_zurbano\">Zurbano, 58<\/a><\/li>\n<li><a href=\"#tienda_leganes\">Calle del Trigo 1, Legan\u00e9s<\/a><\/li>\n<\/ul>\n<\/nav>\n<p class=\"small-xs box-hyphens black-text\">En <span style=\"color: #339966;\"><strong class=\"default-color\">Tintorer\u00edas Ronsel<\/strong><\/span> somos especialistas en el cuidado, <em>limpieza<\/em>, <em>desmanchado<\/em> y <em>desodorizaci\u00f3n<\/em> de sus <em>prendas de vestir<\/em> y del <em>hogar<\/em>.<\/p>\n<div class=\"text-center\"><a class=\"btn radius-50 btn-default-transparent position\" title=\"Tel\u00e9fono de atenci\u00f3n al cliente\" href=\"tel:\/\/680590069\" rel=\"nofollow\">Ll\u00e1menos ahora <i class=\"fa fa-phone pl-10\" aria-hidden=\"true\"><\/i><\/a><\/div>\n<\/div>\n<p>[\/et_pb_blurb][et_pb_blurb title=\u00bbRonsel\u00bb image=\u00bbhttps:\/\/tintoreriasronsel.es\/images\/slide\/box-horizontal_sorpresa_izq.jpg\u00bb admin_label=\u00bbAnuncio_PRECIOS\u00bb _builder_version=\u00bb4.27.5&#8243; _module_preset=\u00bbe81f41cf-abd9-427c-bce9-2221fd3a1575&#8243; background_color=\u00bbrgba(223,240,216,0.76)\u00bb background_enable_color=\u00bboff\u00bb custom_css_free_form=\u00bb.anuncio-porque-ronsel .et_pb_blurb_container {||    padding: 20px; ||    display: flex;||    flex-direction: column;||    justify-content: space-evenly;||    flex-wrap: nowrap;||    height: auto;||}||.btn.radius-50.btn-default-transparent.position { display:block;||  margin:20px auto;||border: 1px #007A00 solid; border-radius:50px;width:fit-content; padding:10px 24px; ||}||.btn.radius-50.btn-default-transparent.position:hover {background-color: #00000010;}||\/*Correcci\u00f3n Im\u00e1genes Banners *\/||span.et_pb_image_wrap.et_pb_only_image_mode_wrap {||    width: 100%!important;||    background-color: transparent!important;||border: none!important;||border-radius: 0!important; margin:0px!important;padding:0px!important; padding-bottom:0px!important; padding-left:0px!important; padding-right:0px!important; padding-top:0px!important;||}||||\u00bb custom_css_blurb_image=\u00bb\twidth:max-content;\u00bb box_shadow_style=\u00bbnone\u00bb global_module=\u00bb257315&#8243; saved_tabs=\u00bball\u00bb locked=\u00bboff\u00bb global_colors_info=\u00bb{}\u00bb]<\/p>\n<p>Porque en <strong>Tintorer\u00edas Ronsel<\/strong> siempre ofrecemos a nuestros clientes los precios m\u00e1s econ\u00f3micos y el servicio m\u00e1s eficiente. Servicio a Domicilio en casi todo Madrid Capital.<\/p>\n<p><a class=\"btn radius-50 btn-default-transparent position\" title=\"Ronsel\" href=\"https:\/\/tintoreriasronsel.es\/tienda\/precios-tarifas-y-promociones-de-tintoreria\/\" target=\"_blank\" rel=\"noopener\">Lista de Precios <i class=\"fa fa-arrow-right pl-10\"><\/i><\/a><\/p>\n<p>[\/et_pb_blurb][et_pb_code admin_label=\u00bb&#8212;-Separador Aqua Derecha&#8212;-\u00bb _builder_version=\u00bb4.20.2&#8243; _module_preset=\u00bbdefault\u00bb custom_margin=\u00bb25px||||false|false\u00bb global_colors_info=\u00bb{}\u00bb]<\/p>\n<div id=\"separator-black\" style=\"width: 90%;<!-- [et_pb_line_break_holder] -->    margin: 30px 0px 30px 20px;<!-- [et_pb_line_break_holder] -->    position: relative;<!-- [et_pb_line_break_holder] -->    height: 2px;<!-- [et_pb_line_break_holder] -->    -webkit-backface-visibility: hidden;<!-- [et_pb_line_break_holder] -->    -webkit-transform: translateZ(0) scale(1, 1);<!-- [et_pb_line_break_holder] -->    background: linear-gradient(to right, rgba(99,213,202, 0) 0%, rgba(0,127,127, 0.5) 33%, rgba(0,187,187, 0.5) 66%, rgba(0, 0, 0, 0) 100%);\u00bb><\/div>\n<p>[\/et_pb_code][et_pb_wc_cart_totals _builder_version=\u00bb4.27.4&#8243; _module_preset=\u00bbdefault\u00bb global_colors_info=\u00bb{}\u00bb][\/et_pb_wc_cart_totals][\/et_pb_column][\/et_pb_row][\/et_pb_section]<\/p>\n","protected":false},"excerpt":{"rendered":"<p>En sus ocasiones especiales entregue sus prendas delicadas a Tintorer\u00edas Ronsel para que luzcan con una apariencia como nueva.Porque sabemos tratar los tejidos delicados de sus prendas, Ronsel es su tintorer\u00eda Seda, seda salvaje, raso, sat\u00e9n, encaje, tules, brocados, pedrer\u00eda, lentejuelas&#8230; En Tintorer\u00edas Ronsel, somos\u00a0expertos\u00a0en: Limpieza de\u00a0tejidos especiales\u00a0y delicados que requieren de procesos adecuados al [&hellip;]<\/p>\n","protected":false},"author":2,"featured_media":0,"parent":0,"menu_order":0,"comment_status":"closed","ping_status":"closed","template":"","meta":{"_acf_changed":false,"_et_pb_use_builder":"on","_et_pb_old_content":"","_et_gb_content_width":"","footnotes":""},"class_list":["post-259407","page","type-page","status-publish","hentry"],"acf":[],"_links":{"self":[{"href":"https:\/\/tintoreriasronsel.es\/tienda\/wp-json\/wp\/v2\/pages\/259407","targetHints":{"allow":["GET"]}}],"collection":[{"href":"https:\/\/tintoreriasronsel.es\/tienda\/wp-json\/wp\/v2\/pages"}],"about":[{"href":"https:\/\/tintoreriasronsel.es\/tienda\/wp-json\/wp\/v2\/types\/page"}],"author":[{"embeddable":true,"href":"https:\/\/tintoreriasronsel.es\/tienda\/wp-json\/wp\/v2\/users\/2"}],"replies":[{"embeddable":true,"href":"https:\/\/tintoreriasronsel.es\/tienda\/wp-json\/wp\/v2\/comments?post=259407"}],"version-history":[{"count":0,"href":"https:\/\/tintoreriasronsel.es\/tienda\/wp-json\/wp\/v2\/pages\/259407\/revisions"}],"wp:attachment":[{"href":"https:\/\/tintoreriasronsel.es\/tienda\/wp-json\/wp\/v2\/media?parent=259407"}],"curies":[{"name":"wp","href":"https:\/\/api.w.org\/{rel}","templated":true}]}}