{"id":259388,"date":"2026-02-04T11:20:31","date_gmt":"2026-02-04T10:20:31","guid":{"rendered":"https:\/\/tintoreriasronsel.es\/tienda\/?page_id=259388"},"modified":"2026-04-14T17:18:15","modified_gmt":"2026-04-14T15:18:15","slug":"planchado-prensa-maniqui-tintoreria","status":"publish","type":"page","link":"https:\/\/tintoreriasronsel.es\/tienda\/planchado-prensa-maniqui-tintoreria\/","title":{"rendered":"Expertos en Planchado Profesional"},"content":{"rendered":"<p>[et_pb_section fb_built=\u00bb1&#8243; fullwidth=\u00bbon\u00bb _builder_version=\u00bb4.27.5&#8243; _module_preset=\u00bb823ce878-3029-43b3-8abe-629fa3a9f11f\u00bb da_disable_devices=\u00bboff|off|off\u00bb locked=\u00bboff\u00bb global_colors_info=\u00bb{}\u00bb collapsed=\u00bbon\u00bb da_is_popup=\u00bboff\u00bb da_exit_intent=\u00bboff\u00bb da_has_close=\u00bbon\u00bb da_alt_close=\u00bboff\u00bb da_dark_close=\u00bboff\u00bb da_not_modal=\u00bbon\u00bb da_is_singular=\u00bboff\u00bb da_with_loader=\u00bboff\u00bb da_has_shadow=\u00bbon\u00bb][et_pb_fullwidth_slider _builder_version=\u00bb4.27.6&#8243; _module_preset=\u00bbf256feb6-47d0-454a-8b24-05a06e6ba2ce\u00bb auto=\u00bboff\u00bb hover_enabled=\u00bb0&#8243; global_colors_info=\u00bb{}\u00bb sticky_enabled=\u00bb0&#8243;][et_pb_slide heading=\u00bbNuestros planchadores artesanos, expertos en dar forma a sus prendas\u00bb _builder_version=\u00bb4.27.6&#8243; _module_preset=\u00bbc3ac9349-aa86-4eba-8ae2-ad7ef5a513e2&#8243; background_enable_image=\u00bboff\u00bb background_enable_video_mp4=\u00bboff\u00bb background_video_webm=\u00bbhttps:\/\/tintoreriasronsel.es\/videos\/26_expertos-en-planchado-tradicional.webm\u00bb background_enable_video_webm=\u00bbon\u00bb hover_enabled=\u00bb0&#8243; global_colors_info=\u00bb{}\u00bb sticky_transition=\u00bbon\u00bb sticky_enabled=\u00bb0&#8243;][\/et_pb_slide][\/et_pb_fullwidth_slider][\/et_pb_section][et_pb_section fb_built=\u00bb1&#8243; _builder_version=\u00bb4.27.6&#8243; _module_preset=\u00bbdefault\u00bb background_color=\u00bbRGBA(255,255,255,0)\u00bb background_image=\u00bbhttps:\/\/tintoreriasronsel.es\/tienda\/wp-content\/uploads\/2025\/09\/sombra-capa.webp\u00bb background_size=\u00bbcontain\u00bb background_position=\u00bbtop_center\u00bb custom_margin=\u00bb0px||||false|false\u00bb custom_padding=\u00bb0px||||false|false\u00bb hover_enabled=\u00bb0&#8243; da_disable_devices=\u00bboff|off|off\u00bb global_colors_info=\u00bb{}\u00bb sticky_enabled=\u00bb0&#8243; collapsed=\u00bbon\u00bb da_is_popup=\u00bboff\u00bb da_exit_intent=\u00bboff\u00bb da_has_close=\u00bbon\u00bb da_alt_close=\u00bboff\u00bb da_dark_close=\u00bboff\u00bb da_not_modal=\u00bbon\u00bb da_is_singular=\u00bboff\u00bb da_with_loader=\u00bboff\u00bb da_has_shadow=\u00bbon\u00bb][et_pb_row _builder_version=\u00bb4.27.5&#8243; _module_preset=\u00bb11248acd-95f2-441d-b466-62b1a9cf67c8&#8243; global_colors_info=\u00bb{}\u00bb][et_pb_column type=\u00bb4_4&#8243; _builder_version=\u00bb4.27.4&#8243; _module_preset=\u00bbdefault\u00bb global_colors_info=\u00bb{}\u00bb][et_pb_heading title=\u00bb@ET-DC@eyJkeW5hbWljIjp0cnVlLCJjb250ZW50IjoicG9zdF90aXRsZSIsInNldHRpbmdzIjp7ImJlZm9yZSI6IiIsImFmdGVyIjoiIn19@\u00bb _builder_version=\u00bb4.27.5&#8243; _dynamic_attributes=\u00bbtitle\u00bb _module_preset=\u00bbc88a714a-1137-4742-bbe0-999ea2af2593&#8243; global_colors_info=\u00bb{}\u00bb][\/et_pb_heading][\/et_pb_column][\/et_pb_row][et_pb_row column_structure=\u00bb2_3,1_3&#8243; _builder_version=\u00bb4.27.4&#8243; _module_preset=\u00bb_initial\u00bb global_colors_info=\u00bb{}\u00bb][et_pb_column type=\u00bb2_3&#8243; _builder_version=\u00bb4.27.4&#8243; _module_preset=\u00bbdefault\u00bb global_colors_info=\u00bb{}\u00bb][et_pb_text _builder_version=\u00bb4.27.5&#8243; _module_preset=\u00bbed843646-dd90-4212-9af2-292331f3c906&#8243; saved_tabs=\u00bball\u00bb global_colors_info=\u00bb{}\u00bb]<\/p>\n<h2>Planchamos sus prendas con calidad total gracias a nuestro maniqu\u00ed de planchado al aire y vapor insuflado<\/h2>\n<p>En\u00a0<strong>Tintorer\u00edas Ronsel<\/strong>, somos\u00a0<strong>expertos\u00a0<\/strong>en planchado:<\/p>\n<ul class=\"list-icons\">\n<li><strong>Planchado de prendas con volantes<\/strong>, plisados, y en general de todo tipo de dise\u00f1o elaborado y complejo, porque contamos con maquinaria especializada para planchado al vapor y presi\u00f3n, en manos de expertos.<\/li>\n<li><strong>Planchado con enca\u00f1onado de encajes<\/strong>\u00a0de puntilla y de todo tipo de encajes o volantes en mantones o faldones de cristianar, vestidos de bautismo, trajes de primera comuni\u00f3n.<\/li>\n<li><strong>Planchado y aplicaci\u00f3n de aprestos tradicionales<\/strong> y especiales para los acabados m\u00e1s espectaculares en vestidos especiales y en telas como seda, linos y otras fibras naturales.<\/li>\n<li><strong>Planchado de telas especiales<\/strong>\u00a0y delicadas que requieren de procesos adecuados al tipo de tejido y coloraci\u00f3n.<\/li>\n<\/ul>\n<p>[\/et_pb_text][et_pb_slider _builder_version=\u00bb4.27.5&#8243; _module_preset=\u00bb286292b0-30f5-4e18-8414-b715ea525ceb\u00bb locked=\u00bboff\u00bb global_colors_info=\u00bb{}\u00bb][et_pb_slide image=\u00bbhttps:\/\/tintoreriasronsel.es\/_assets\/logos\/logo-galerias-ronsel_TRANS-1.webp\u00bb _builder_version=\u00bb4.27.5&#8243; _module_preset=\u00bb48d92652-2179-46c2-8ea9-17dcfd5f5213&#8243; background_image=\u00bbhttps:\/\/tintoreriasronsel.es\/tienda\/wp-content\/uploads\/2026\/02\/magazin-operarios-planchado_01.jpg\u00bb background_enable_image=\u00bbon\u00bb locked=\u00bboff\u00bb global_colors_info=\u00bb{}\u00bb sticky_transition=\u00bbon\u00bb][\/et_pb_slide][et_pb_slide image=\u00bbhttps:\/\/tintoreriasronsel.es\/_assets\/logos\/logo-galerias-ronsel_TRANS-1.webp\u00bb _builder_version=\u00bb4.27.5&#8243; _module_preset=\u00bb48d92652-2179-46c2-8ea9-17dcfd5f5213&#8243; background_image=\u00bbhttps:\/\/tintoreriasronsel.es\/tienda\/wp-content\/uploads\/2026\/02\/magazin-operarios-planchado_08.jpg\u00bb background_enable_image=\u00bbon\u00bb locked=\u00bboff\u00bb global_colors_info=\u00bb{}\u00bb sticky_transition=\u00bbon\u00bb][\/et_pb_slide][et_pb_slide image=\u00bbhttps:\/\/tintoreriasronsel.es\/_assets\/logos\/logo-galerias-ronsel_TRANS-1.webp\u00bb _builder_version=\u00bb4.27.5&#8243; _module_preset=\u00bb48d92652-2179-46c2-8ea9-17dcfd5f5213&#8243; background_image=\u00bbhttps:\/\/tintoreriasronsel.es\/tienda\/wp-content\/uploads\/2026\/02\/magazin-operarios-planchado_07.jpg\u00bb background_enable_image=\u00bbon\u00bb locked=\u00bboff\u00bb global_colors_info=\u00bb{}\u00bb sticky_transition=\u00bbon\u00bb][\/et_pb_slide][et_pb_slide image=\u00bbhttps:\/\/tintoreriasronsel.es\/_assets\/logos\/logo-galerias-ronsel_TRANS-1.webp\u00bb _builder_version=\u00bb4.27.5&#8243; _module_preset=\u00bb48d92652-2179-46c2-8ea9-17dcfd5f5213&#8243; background_image=\u00bbhttps:\/\/tintoreriasronsel.es\/tienda\/wp-content\/uploads\/2026\/02\/magazin-operarios-planchado_06.jpg\u00bb background_enable_image=\u00bbon\u00bb locked=\u00bboff\u00bb global_colors_info=\u00bb{}\u00bb sticky_transition=\u00bbon\u00bb][\/et_pb_slide][et_pb_slide image=\u00bbhttps:\/\/tintoreriasronsel.es\/_assets\/logos\/logo-galerias-ronsel_TRANS-1.webp\u00bb _builder_version=\u00bb4.27.5&#8243; _module_preset=\u00bb48d92652-2179-46c2-8ea9-17dcfd5f5213&#8243; background_image=\u00bbhttps:\/\/tintoreriasronsel.es\/tienda\/wp-content\/uploads\/2026\/02\/magazin-operarios-planchado_05.jpg\u00bb background_enable_image=\u00bbon\u00bb locked=\u00bboff\u00bb global_colors_info=\u00bb{}\u00bb sticky_transition=\u00bbon\u00bb][\/et_pb_slide][et_pb_slide image=\u00bbhttps:\/\/tintoreriasronsel.es\/_assets\/logos\/logo-galerias-ronsel_TRANS-1.webp\u00bb _builder_version=\u00bb4.27.5&#8243; _module_preset=\u00bb48d92652-2179-46c2-8ea9-17dcfd5f5213&#8243; background_image=\u00bbhttps:\/\/tintoreriasronsel.es\/tienda\/wp-content\/uploads\/2026\/02\/magazin-operarios-planchado_04.jpg\u00bb background_enable_image=\u00bbon\u00bb locked=\u00bboff\u00bb global_colors_info=\u00bb{}\u00bb sticky_transition=\u00bbon\u00bb][\/et_pb_slide][et_pb_slide image=\u00bbhttps:\/\/tintoreriasronsel.es\/_assets\/logos\/logo-galerias-ronsel_TRANS-1.webp\u00bb _builder_version=\u00bb4.27.5&#8243; _module_preset=\u00bb48d92652-2179-46c2-8ea9-17dcfd5f5213&#8243; background_image=\u00bbhttps:\/\/tintoreriasronsel.es\/tienda\/wp-content\/uploads\/2026\/02\/magazin-operarios-planchado_02.jpg\u00bb background_enable_image=\u00bbon\u00bb locked=\u00bboff\u00bb global_colors_info=\u00bb{}\u00bb sticky_transition=\u00bbon\u00bb][\/et_pb_slide][\/et_pb_slider][et_pb_text _builder_version=\u00bb4.27.5&#8243; _module_preset=\u00bbed843646-dd90-4212-9af2-292331f3c906&#8243; global_colors_info=\u00bb{}\u00bb]<\/p>\n<div class=\"mb-40\">\n<div id=\"carousel-portfolio-sidebar\" class=\"carousel slide\" data-ride=\"carousel\">\n<div class=\"text-left pt-10\">\n<h3>Expertos en planchado.<\/h3>\n<p>Planchamos su ropa con el cuidado que requiere una prenda de calidad. Aplicamos <strong>aprestos<\/strong>,\u00a0<strong>almidonamos<\/strong>, planchamos al\u00a0<strong>vapor<\/strong>\u00a0en mesa y con tensi\u00f3n de aire y vapor combinados con nuestro maniqu\u00ed de planchado, especial para\u00a0<em>americanas<\/em>,\u00a0<em>abrigos<\/em>,\u00a0<em>camisas<\/em>\u00a0y prendas similares.<\/p>\n<\/div>\n<\/div>\n<\/div>\n<p>Planchamos las\u00a0<em>rayas<\/em>\u00a0de sus\u00a0<strong>pantalones<\/strong>\u00a0y\u00a0<strong>camisas<\/strong>\u00a0para que luzca impecable. Pero si no le gustan las\u00a0<em>rayas marcadas<\/em>, tambi\u00e9n podemos planchar su ropa a su gusto,\u00a0<em>sin raya<\/em>.<\/p>\n<p>[\/et_pb_text][et_pb_text _builder_version=\u00bb4.27.5&#8243; _module_preset=\u00bb22025a3a-d759-4b67-8c34-405c0d47f63d\u00bb global_colors_info=\u00bb{}\u00bb]<\/p>\n<h6 class=\"default-bg-green-1 padd-20\"><strong>Atendemos su pedido urgente<\/strong>.<\/h6>\n<p class=\"default-bg-green-1 padd-20\">Ll\u00e1menos, env\u00edenos un mensaje desde esta Web o vis\u00edtenos para tener el gusto de atenderle.<\/p>\n<p>[\/et_pb_text][et_pb_social_media_follow admin_label=\u00bbnew_Social Media Follow\u00bb _builder_version=\u00bb4.27.5&#8243; _module_preset=\u00bb4fcc37f5-4719-4bf9-af1f-76dcd4e0d0d4&#8243; link_shape=\u00bbcircle\u00bb global_module=\u00bb257317&#8243; saved_tabs=\u00bball\u00bb locked=\u00bboff\u00bb global_colors_info=\u00bb{}\u00bb][et_pb_social_media_follow_network social_network=\u00bbinstagram\u00bb url=\u00bbhttps:\/\/www.instagram.com\/tintoreriasronsel\/\u00bb _builder_version=\u00bb4.27.5&#8243; _module_preset=\u00bb23328980-f28f-45e8-9e88-0b3621421c45&#8243; global_colors_info=\u00bb{}\u00bb follow_button=\u00bboff\u00bb url_new_window=\u00bboff\u00bb]instagram[\/et_pb_social_media_follow_network][\/et_pb_social_media_follow][\/et_pb_column][et_pb_column type=\u00bb1_3&#8243; _builder_version=\u00bb4.27.4&#8243; _module_preset=\u00bbdefault\u00bb custom_padding=\u00bb|||40px|false|false\u00bb border_width_left=\u00bb1px\u00bb border_color_left=\u00bbrgba(36,36,36,0.15)\u00bb global_colors_info=\u00bb{}\u00bb][et_pb_text _builder_version=\u00bb4.27.5&#8243; _module_preset=\u00bb21b86d0a-aa1b-4fdf-85cb-c19c49e66362&#8243; locked=\u00bboff\u00bb global_colors_info=\u00bb{}\u00bb]<\/p>\n<h3>Especialistas en planchado artesanal e industrial<\/h3>\n<p class=\"small-xs\">En Ronsel somos especialistas en el planchando de todo tipo de prendas, con toda clase de acabados artesanales o industriales.<\/p>\n<p class=\"small-xs\">Planchamos sus pantalones y camisas con las rayas marcadas o sin marcar. A su gusto, para que luzca impecable<\/p>\n<div class=\"text-center\"><a class=\"btn radius-50 btn-default-transparent position\" title=\"Ir a la p\u00e1gina...\" href=\"https:\/\/tintoreriasronsel.es\/planchado-prensa-maniqui-tintoreria.shtml\">Saber m\u00e1s <i class=\"fa fa-arrow-right pl-10\" aria-hidden=\"true\"><\/i><\/a><\/div>\n<p>[\/et_pb_text][et_pb_slider _builder_version=\u00bb4.27.5&#8243; _module_preset=\u00bb7799775c-4c37-462e-944b-13dfa51df392&#8243; auto=\u00bbon\u00bb auto_speed=\u00bb3000&#8243; custom_css_free_form=\u00bb.et_pb_slide_image img {||    vertical-align: bottom;||    position: relative;||    top: 65px!important;||    width: 80%;||} \u00bb locked=\u00bboff\u00bb global_colors_info=\u00bb{}\u00bb][et_pb_slide image=\u00bbhttps:\/\/tintoreriasronsel.es\/_assets\/logos\/logo-galerias-ronsel_TRANS-1.webp\u00bb _builder_version=\u00bb4.27.5&#8243; _module_preset=\u00bb48d92652-2179-46c2-8ea9-17dcfd5f5213&#8243; background_image=\u00bbhttps:\/\/tintoreriasronsel.es\/images\/box\/box-flamenca-1.jpg\u00bb background_enable_image=\u00bbon\u00bb locked=\u00bboff\u00bb global_colors_info=\u00bb{}\u00bb sticky_transition=\u00bbon\u00bb][\/et_pb_slide][\/et_pb_slider][et_pb_text _builder_version=\u00bb4.27.5&#8243; _module_preset=\u00bb21b86d0a-aa1b-4fdf-85cb-c19c49e66362&#8243; locked=\u00bboff\u00bb global_colors_info=\u00bb{}\u00bb]<\/p>\n<h3>Limpieza y planchado de vestidos de sevillanas para fiestas folcl\u00f3ricas<\/h3>\n<div class=\"text-left\">\n<p class=\"small-xs\">Para todo evento folc\u00f3rico disfrute de nuestra limpieza y planchado artesanal especializado de volantes y encajes.<\/p>\n<p class=\"small-xs\">Somos especialistas en limpieza y planchado de cualquier prenda folcl\u00f3rica de gala. Trajes de fallera, faldas y batas de cola, vestidos de sevillana; todo tipo de trajes de flamenca, atuendos y complementos para fiestas del folclore espa\u00f1ol.<\/p>\n<\/div>\n<div class=\"text-center\"><a class=\"btn radius-50 btn-default-transparent position\" title=\"Ir a la p\u00e1gina...\" href=\"https:\/\/tintoreriasronsel.es\/vestidos-folcloricos-sevillana-flamenca-ceremonias.shtml\">Saber m\u00e1s <i class=\"fa fa-arrow-right pl-10\" aria-hidden=\"true\"><\/i><\/a><\/div>\n<p>[\/et_pb_text][et_pb_blurb title=\u00bbHorario de atenci\u00f3n al p\u00fablico en nuestras tiendas f\u00edsicas\u00bb use_icon=\u00bbon\u00bb font_icon=\u00bb&#xf017;||fa||400&#8243; icon_color=\u00bb#00672c\u00bb admin_label=\u00bbAnuncio Empresa Familiar\u00bb _builder_version=\u00bb4.27.5&#8243; _module_preset=\u00bb66a44df2-45d4-40a3-ab0c-cf2306428e0d\u00bb header_font_size=\u00bb20px\u00bb use_background_color_gradient=\u00bbon\u00bb background_color_gradient_stops=\u00bb#f0bf28 0%|rgba(240,191,40,0) 100%\u00bb custom_margin=\u00bb0px||40px||false|false\u00bb custom_css_free_form=\u00bb.new_anuncio-widget .et_pb_blurb_container {||    padding: 20px; ||    display: flex;||    flex-direction: column;||    justify-content: space-evenly;||    flex-wrap: nowrap;||    height: auto;||}||.btn.radius-50.btn-default-transparent.position { display:block;||  margin:20px auto;||border: 1px #007A00 solid; border-radius:50px;width:fit-content; padding:10px 24px; ||}||.btn.radius-50.btn-default-transparent.position:hover {background-color: #00000010;}||\/*Correcci\u00f3n Im\u00e1genes Banners *\/||span.et_pb_image_wrap.et_pb_only_image_mode_wrap {||    width: 100%!important;||    background-color: transparent!important;||border: none!important;||border-radius: 0!important; margin:0px!important;padding:0px!important; padding-bottom:0px!important; padding-left:0px!important; padding-right:0px!important; padding-top:0px!important;||}||.nav.nav-pills.nav-stacked li {||    padding-bottom: 16px;||    border-bottom: thin solid #C3C3C3;||    margin-bottom: 16px;||    list-style-type: none;||\t}\u00bb border_radii=\u00bboff||16px||\u00bb global_module=\u00bb257313&#8243; locked=\u00bboff\u00bb global_colors_info=\u00bb{}\u00bb]<\/p>\n<div class=\"arbitraje-bg p-20\">\n<p><!--<\/p>\n\n\n\n\n\n\n\n\n\n\n\n\n<h3 class=\"arbitraje\">Nuestras tiendas est\u00e1n <strong>cerradas por vacaciones<\/strong> del 6 hasta el 27 de agosto.<\/h3>\n\n\n\n\n\n\n\n\n\n\n\n\n<p>spanClass_striketrough--><\/p>\n<div class=\"separator\"><strong>Madrid<\/strong><\/div>\n<div id=\"accordion-2\" class=\"panel-group \">\n<div class=\"panel panel-default arbitraje\">\n<div class=\"panel-body transp\">\n<p class=\"small-xs\"><span class=\"\">Lunes a viernes: 9:00\u201319:30<br \/>S\u00e1bado: 9:00\u201314:00<br \/><\/span>Domingo: Cerrado<\/p>\n<p class=\"small-xs\"><strong>Legan\u00e9s<\/strong><br \/><span class=\"\">Lunes a viernes: 7:00\u201317:00<br \/>S\u00e1bado: 9:00\u201314:00<br \/><\/span>Domingo: Cerrado<\/p>\n<\/div>\n<\/div>\n<\/div>\n<\/div>\n<p><a class=\"btn radius-50 btn-default-transparent position\" title=\"\" href=\"https:\/\/www.google.com\/search?q=Ronsel+Tintorerias+en+Madrid&amp;rlz=1C1GCEA_enES1100ES1100&amp;oq=Ronsel+Tintorerias+en+Madrid&amp;gs_lcrp=EgZjaHJvbWUyBggAEEUYOTIICAEQABgWGB4yCggCEAAYgAQYogQyCggDEAAYgAQYogQyBwgEEAAY7wXSAQc1NjVqMGo3qAIAsAIA&amp;sourceid=chrome&amp;ie=UTF-8&amp;sei=s-JEae7KJt3V7M8PgIy9mQY\" rel=\"nofollow noopener\" target=\"_blank\">Ver horarios en Google<\/a><\/p>\n<p>[\/et_pb_blurb][et_pb_blurb title=\u00bbNuestras Tiendas\u00bb admin_label=\u00bbAnuncio Empresa Familiar\u00bb _builder_version=\u00bb4.27.5&#8243; _module_preset=\u00bb66a44df2-45d4-40a3-ab0c-cf2306428e0d\u00bb use_background_color_gradient=\u00bbon\u00bb background_color_gradient_stops=\u00bb#dff0d8 0%|rgba(240,191,40,0) 100%\u00bb custom_margin=\u00bb0px||40px||false|false\u00bb custom_css_free_form=\u00bb.new_anuncio-widget .et_pb_blurb_container {||    padding: 20px; ||    display: flex;||    flex-direction: column;||    justify-content: space-evenly;||    flex-wrap: nowrap;||    height: auto;||}||.btn.radius-50.btn-default-transparent.position { display:block;||  margin:20px auto;||border: 1px #007A00 solid; border-radius:50px;width:fit-content; padding:10px 24px; ||}||.btn.radius-50.btn-default-transparent.position:hover {background-color: #00000010;}||\/*Correcci\u00f3n Im\u00e1genes Banners *\/||span.et_pb_image_wrap.et_pb_only_image_mode_wrap {||    width: 100%!important;||    background-color: transparent!important;||border: none!important;||border-radius: 0!important; margin:0px!important;padding:0px!important; padding-bottom:0px!important; padding-left:0px!important; padding-right:0px!important; padding-top:0px!important;||}||.nav.nav-pills.nav-stacked li {||    padding-bottom: 16px;||    border-bottom: thin solid #C3C3C3;||    margin-bottom: 16px;||    list-style-type: none;||\t}\u00bb border_radii=\u00bboff||16px||\u00bb global_module=\u00bb257312&#8243; locked=\u00bboff\u00bb global_colors_info=\u00bb{}\u00bb]<\/p>\n<div class=\"clearfix bg-success box-shadow-1 p-20 box-selector-tiendas\">\n<nav>\n<ul class=\"nav nav-pills nav-stacked\">\n<li><a href=\"#tienda_pardinas\">General Pardi\u00f1as, 41<\/a><\/li>\n<li><a href=\"#tienda_balboa\">N\u00fa\u00f1ez de Balboa, 95<\/a><\/li>\n<li><a href=\"#tienda_zurbano\">Zurbano, 58<\/a><\/li>\n<li><a href=\"#tienda_leganes\">Calle del Trigo 1, Legan\u00e9s<\/a><\/li>\n<\/ul>\n<\/nav>\n<p class=\"small-xs box-hyphens black-text\">En <span style=\"color: #339966;\"><strong class=\"default-color\">Tintorer\u00edas Ronsel<\/strong><\/span> somos especialistas en el cuidado, <em>limpieza<\/em>, <em>desmanchado<\/em> y <em>desodorizaci\u00f3n<\/em> de sus <em>prendas de vestir<\/em> y del <em>hogar<\/em>.<\/p>\n<div class=\"text-center\"><a class=\"btn radius-50 btn-default-transparent position\" title=\"Tel\u00e9fono de atenci\u00f3n al cliente\" href=\"tel:\/\/680590069\" rel=\"nofollow\">Ll\u00e1menos ahora <i class=\"fa fa-phone pl-10\" aria-hidden=\"true\"><\/i><\/a><\/div>\n<\/div>\n<p>[\/et_pb_blurb][et_pb_code admin_label=\u00bb&#8212;-Separador Aqua Derecha&#8212;-\u00bb _builder_version=\u00bb4.20.2&#8243; _module_preset=\u00bbdefault\u00bb custom_margin=\u00bb25px||||false|false\u00bb global_colors_info=\u00bb{}\u00bb]<\/p>\n<div id=\"separator-black\" style=\"width: 90%;<!-- [et_pb_line_break_holder] -->    margin: 30px 0px 30px 20px;<!-- [et_pb_line_break_holder] -->    position: relative;<!-- [et_pb_line_break_holder] -->    height: 2px;<!-- [et_pb_line_break_holder] -->    -webkit-backface-visibility: hidden;<!-- [et_pb_line_break_holder] -->    -webkit-transform: translateZ(0) scale(1, 1);<!-- [et_pb_line_break_holder] -->    background: linear-gradient(to right, rgba(99,213,202, 0) 0%, rgba(0,127,127, 0.5) 33%, rgba(0,187,187, 0.5) 66%, rgba(0, 0, 0, 0) 100%);\u00bb><\/div>\n<p>[\/et_pb_code][et_pb_wc_cart_totals _builder_version=\u00bb4.27.4&#8243; _module_preset=\u00bbdefault\u00bb global_colors_info=\u00bb{}\u00bb][\/et_pb_wc_cart_totals][\/et_pb_column][\/et_pb_row][\/et_pb_section]<\/p>\n","protected":false},"excerpt":{"rendered":"<p>Planchamos sus prendas con calidad total gracias a nuestro maniqu\u00ed de planchado al aire y vapor insuflado En\u00a0Tintorer\u00edas Ronsel, somos\u00a0expertos\u00a0en planchado: Planchado de prendas con volantes, plisados, y en general de todo tipo de dise\u00f1o elaborado y complejo, porque contamos con maquinaria especializada para planchado al vapor y presi\u00f3n, en manos de expertos. Planchado con [&hellip;]<\/p>\n","protected":false},"author":2,"featured_media":0,"parent":0,"menu_order":0,"comment_status":"closed","ping_status":"closed","template":"","meta":{"_acf_changed":false,"_et_pb_use_builder":"on","_et_pb_old_content":"","_et_gb_content_width":"","footnotes":""},"class_list":["post-259388","page","type-page","status-publish","hentry"],"acf":[],"_links":{"self":[{"href":"https:\/\/tintoreriasronsel.es\/tienda\/wp-json\/wp\/v2\/pages\/259388","targetHints":{"allow":["GET"]}}],"collection":[{"href":"https:\/\/tintoreriasronsel.es\/tienda\/wp-json\/wp\/v2\/pages"}],"about":[{"href":"https:\/\/tintoreriasronsel.es\/tienda\/wp-json\/wp\/v2\/types\/page"}],"author":[{"embeddable":true,"href":"https:\/\/tintoreriasronsel.es\/tienda\/wp-json\/wp\/v2\/users\/2"}],"replies":[{"embeddable":true,"href":"https:\/\/tintoreriasronsel.es\/tienda\/wp-json\/wp\/v2\/comments?post=259388"}],"version-history":[{"count":0,"href":"https:\/\/tintoreriasronsel.es\/tienda\/wp-json\/wp\/v2\/pages\/259388\/revisions"}],"wp:attachment":[{"href":"https:\/\/tintoreriasronsel.es\/tienda\/wp-json\/wp\/v2\/media?parent=259388"}],"curies":[{"name":"wp","href":"https:\/\/api.w.org\/{rel}","templated":true}]}}