{"id":246666,"date":"2023-02-23T13:45:01","date_gmt":"2023-02-23T12:45:01","guid":{"rendered":"https:\/\/tintoreriasronsel.es\/tienda\/?page_id=246666"},"modified":"2026-03-04T16:02:34","modified_gmt":"2026-03-04T15:02:34","slug":"packs-de-ahorro-en-limpieza-de-prendas","status":"publish","type":"page","link":"https:\/\/tintoreriasronsel.es\/tienda\/packs-de-ahorro-en-limpieza-de-prendas\/","title":{"rendered":"Packs de ahorro en limpieza de prendas"},"content":{"rendered":"<p>[et_pb_section fb_built=\u00bb1&#8243; fullwidth=\u00bbon\u00bb _builder_version=\u00bb4.27.5&#8243; _module_preset=\u00bb823ce878-3029-43b3-8abe-629fa3a9f11f\u00bb da_disable_devices=\u00bboff|off|off\u00bb locked=\u00bboff\u00bb collapsed=\u00bbon\u00bb global_colors_info=\u00bb{}\u00bb da_is_popup=\u00bboff\u00bb da_exit_intent=\u00bboff\u00bb da_has_close=\u00bbon\u00bb da_alt_close=\u00bboff\u00bb da_dark_close=\u00bboff\u00bb da_not_modal=\u00bbon\u00bb da_is_singular=\u00bboff\u00bb da_with_loader=\u00bboff\u00bb da_has_shadow=\u00bbon\u00bb][et_pb_fullwidth_slider _builder_version=\u00bb4.27.6&#8243; _module_preset=\u00bbf256feb6-47d0-454a-8b24-05a06e6ba2ce\u00bb global_colors_info=\u00bb{}\u00bb][et_pb_slide heading=\u00bbPacks de ahorro\u00bb _builder_version=\u00bb4.27.6&#8243; _module_preset=\u00bbc3ac9349-aa86-4eba-8ae2-ad7ef5a513e2&#8243; background_enable_image=\u00bboff\u00bb background_video_webm=\u00bbhttps:\/\/tintoreriasronsel.es\/videos\/32_packs-de-ahorro-en-limpieza-de-prendas.webm\u00bb background_enable_video_webm=\u00bbon\u00bb global_colors_info=\u00bb{}\u00bb sticky_transition=\u00bbon\u00bb]<\/p>\n<p>Domicilio Gratis para todos nuestros Packs, y tambi\u00e9n disfrute de nuestra excelente calidad de servicio a precio de oportunidad.<\/p>\n<p>[\/et_pb_slide][\/et_pb_fullwidth_slider][\/et_pb_section][et_pb_section fb_built=\u00bb1&#8243; _builder_version=\u00bb4.27.5&#8243; _module_preset=\u00bbbfac45bc-b245-4f94-a83a-02efdb34caa5&#8243; background_image=\u00bbhttps:\/\/tintoreriasronsel.es\/tienda\/wp-content\/uploads\/2025\/09\/sombra-capa.webp\u00bb background_size=\u00bbcontain\u00bb background_position=\u00bbtop_center\u00bb custom_margin=\u00bb0px||||false|false\u00bb custom_padding=\u00bb0px||||false|false\u00bb da_disable_devices=\u00bboff|off|off\u00bb locked=\u00bboff\u00bb collapsed=\u00bboff\u00bb global_colors_info=\u00bb{}\u00bb da_is_popup=\u00bboff\u00bb da_exit_intent=\u00bboff\u00bb da_has_close=\u00bbon\u00bb da_alt_close=\u00bboff\u00bb da_dark_close=\u00bboff\u00bb da_not_modal=\u00bbon\u00bb da_is_singular=\u00bboff\u00bb da_with_loader=\u00bboff\u00bb da_has_shadow=\u00bbon\u00bb][et_pb_row _builder_version=\u00bb4.27.5&#8243; _module_preset=\u00bb11248acd-95f2-441d-b466-62b1a9cf67c8&#8243; global_colors_info=\u00bb{}\u00bb][et_pb_column type=\u00bb4_4&#8243; _builder_version=\u00bb4.27.4&#8243; _module_preset=\u00bbdefault\u00bb global_colors_info=\u00bb{}\u00bb][et_pb_heading title=\u00bb@ET-DC@eyJkeW5hbWljIjp0cnVlLCJjb250ZW50IjoicG9zdF90aXRsZSIsInNldHRpbmdzIjp7ImJlZm9yZSI6IiIsImFmdGVyIjoiIn19@\u00bb _builder_version=\u00bb4.27.5&#8243; _dynamic_attributes=\u00bbtitle\u00bb _module_preset=\u00bbc88a714a-1137-4742-bbe0-999ea2af2593&#8243; global_colors_info=\u00bb{}\u00bb][\/et_pb_heading][\/et_pb_column][\/et_pb_row][et_pb_row column_structure=\u00bb2_3,1_3&#8243; _builder_version=\u00bb4.27.5&#8243; _module_preset=\u00bb37eb2ac9-85d2-41b2-b7d2-a39dd2121996&#8243; collapsed=\u00bboff\u00bb global_colors_info=\u00bb{}\u00bb][et_pb_column type=\u00bb2_3&#8243; _builder_version=\u00bb4.27.5&#8243; _module_preset=\u00bbdefault\u00bb global_colors_info=\u00bb{}\u00bb][et_pb_text _builder_version=\u00bb4.27.6&#8243; _module_preset=\u00bbed843646-dd90-4212-9af2-292331f3c906&#8243; custom_css_free_form=\u00bb.new-texto-paginas ol li, .new-texto-paginas ul li {margin: 10px auto 20px 20px; padding: 0px 0px 0px 10px}||.new-texto-paginas h2, .new-texto-paginas h3, .new-texto-paginas h4 {margin-bottom:20px;}||.new-texto-paginas ::marker {||    font-family: %22Font Awesome 6 Free%22;||    content: %22%92f00c%22; content: url(https:\/\/tintoreriasronsel.es\/_assets\/iconos\/palnchita-icono-des80.webp);||    font-weight: 900;||    margin: 6px 10px 0 0!important;||    color: #71C193;||}||h5, h6 { margin: 20px 10px 30px 0;}\u00bb saved_tabs=\u00bball\u00bb global_colors_info=\u00bb{}\u00bb]<\/p>\n<h2>Ahorre en limpieza de prendas de vestir y del hogar<\/h2>\n<p>Por econom\u00eda de tiempo o por ahorro en dinero, disfrute de los Packs de ahorro de Tintorer\u00eda Ronsel. Recogida y entrega para Packs de prendas en 4 d\u00edas. Para Packs de hogar, recogida y entrega en 7 d\u00edas.\u00a0<\/p>\n<p>[\/et_pb_text][et_pb_text _builder_version=\u00bb4.27.6&#8243; _module_preset=\u00bbed843646-dd90-4212-9af2-292331f3c906&#8243; header_4_font_size=\u00bb20px\u00bb background_color=\u00bbrgba(203,59,70,0.29)\u00bb custom_margin=\u00bb40px||40px||true|false\u00bb custom_padding=\u00bb22px|27px|0px|27px|false|true\u00bb hover_enabled=\u00bb0&#8243; custom_css_main_element=\u00bbdisplay:flex; flex-direction:column; justify-content:center;align-items:center; max-width: fit-content;\u00bb saved_tabs=\u00bball\u00bb global_colors_info=\u00bb{}\u00bb sticky_enabled=\u00bb0&#8243;]<\/p>\n<h4>Los Packs de ahorro solo est\u00e1n disponibles en esta tienda Online<\/h4>\n<p>[\/et_pb_text][et_pb_heading title=\u00bbHaga su pedido ahora\u00bb admin_label=\u00bbT\u00edtulo \u00abHaga su pedido ahora\u00bb\u00bb _builder_version=\u00bb4.27.5&#8243; _module_preset=\u00bbdefault\u00bb custom_margin=\u00bb||||false|false\u00bb custom_padding=\u00bb53px|||||\u00bb locked=\u00bboff\u00bb global_colors_info=\u00bb{}\u00bb][\/et_pb_heading][et_pb_db_shop_loop loop_layout=\u00bb246671&#8243; is_main_loop=\u00bboff\u00bb posts_number=\u00bb32&#8243; stock_status=\u00bbinstock\u00bb onload_cats=\u00bbahorro-packs\u00bb onload_tags=\u00bb1_pack-trajes,2_pack-camisas,3_pack-americanas,traje_corbata_camisa,prendas_invierno,jerseis,vestidos_calle,panuelos_seda,edredones_plumas,edredones_sinteticos,\u00bb onload_tax_choose=\u00bbproduct_cat\u00bb custom_loop=\u00bbon\u00bb custom_tax_choose=\u00bblayout_pack\u00bb sort_order=\u00bbcustom_meta\u00bb link_whole_gird=\u00bboff\u00bb equal_height=\u00bboff\u00bb admin_label=\u00bbARP Product Loop &#8211; Archive Pages \u00bb _builder_version=\u00bb4.27.0&#8243; _module_preset=\u00bbdefault\u00bb locked=\u00bboff\u00bb global_colors_info=\u00bb{}\u00bb][\/et_pb_db_shop_loop][\/et_pb_column][et_pb_column type=\u00bb1_3&#8243; _builder_version=\u00bb4.27.5&#8243; _module_preset=\u00bb7dabacaf-ca12-40c4-981a-b566304d6ea8&#8243; global_colors_info=\u00bb{}\u00bb][et_pb_blurb title=\u00bbHaga su pedido ahora\u00bb image=\u00bbhttps:\/\/tintoreriasronsel.es\/_assets\/webp\/pedido&#8211;tintoreria.webp\u00bb admin_label=\u00bbAnuncio_PRECIOS\u00bb _builder_version=\u00bb4.27.6&#8243; _module_preset=\u00bbe81f41cf-abd9-427c-bce9-2221fd3a1575&#8243; header_font=\u00bb&#8211;et_global_heading_font||||||||\u00bb header_font_size=\u00bb28px\u00bb header_letter_spacing=\u00bb-0.06em\u00bb body_font=\u00bb&#8211;et_global_body_font|500|||||||\u00bb custom_css_free_form=\u00bb.anuncio-porque-ronsel .et_pb_blurb_container {||    padding: 20px; ||    display: flex;||    flex-direction: column;||    justify-content: space-evenly;||    flex-wrap: nowrap;||    height: auto;||}||.btn.radius-50.btn-default-transparent.position { display:block;||  margin:20px auto;||border: 1px #007A00 solid; border-radius:50px;width:fit-content; padding:10px 24px; ||}||.btn.radius-50.btn-default-transparent.position:hover {background-color: #00000010;}||\/*Correcci\u00f3n Im\u00e1genes Banners *\/||span.et_pb_image_wrap.et_pb_only_image_mode_wrap {||    width: 100%!important;||    background-color: transparent!important;||border: none!important;||border-radius: 0!important; margin:0px!important;padding:0px!important; padding-bottom:0px!important; padding-left:0px!important; padding-right:0px!important; padding-top:0px!important;||}||||title {color: #ff00ff!important;}||h2 {color:#14A0B1; font-family:raleway; }\u00bb custom_css_blurb_image=\u00bbwidth:max-content;||margin-top:0px!important;\u00bb custom_css_blurb_title=\u00bbmargin:0px!important;font-size:2.4em!important;line-height:1em;\u00bb box_shadow_style=\u00bbnone\u00bb saved_tabs=\u00bball\u00bb locked=\u00bboff\u00bb global_colors_info=\u00bb{}\u00bb]<\/p>\n<h2>Recogida y entrega a domicilio <span style=\"font-weight: bold; letter-spacing: -0.02em;\">GRATIS<\/span><\/h2>\n<p><span style=\"font-size: small; line-height: 0.5em!important;\">El Servicio a Domicilio de Tintorer\u00edas Ronsel atiende su pedido en todo Madrid, recogiendo y limpiando sus prendas y entregando su ropa limpia y planchada en casa.\u00a0Para pedidos de los c\u00f3digos 280* de Madrid.<\/span> <\/br><br \/>\nPara c\u00f3digos 281* de la Comunidad de Madrid el pedido m\u00ednimo es de 80\u20ac[\/et_pb_blurb][et_pb_code admin_label=\u00bb&#8212;-Separador Aqua Derecha&#8212;-\u00bb _builder_version=\u00bb4.20.2&#8243; _module_preset=\u00bbdefault\u00bb custom_margin=\u00bb25px||||false|false\u00bb global_colors_info=\u00bb{}\u00bb]<\/p>\n<div id=\"separator-black\" style=\"width: 90%;<!-- [et_pb_line_break_holder] -->    margin: 30px 0px 30px 20px;<!-- [et_pb_line_break_holder] -->    position: relative;<!-- [et_pb_line_break_holder] -->    height: 2px;<!-- [et_pb_line_break_holder] -->    -webkit-backface-visibility: hidden;<!-- [et_pb_line_break_holder] -->    -webkit-transform: translateZ(0) scale(1, 1);<!-- [et_pb_line_break_holder] -->    background: linear-gradient(to right, rgba(99,213,202, 0) 0%, rgba(0,127,127, 0.5) 33%, rgba(0,187,187, 0.5) 66%, rgba(0, 0, 0, 0) 100%);\u00bb><\/div>\n<p>[\/et_pb_code][et_pb_wc_cart_totals _builder_version=\u00bb4.27.4&#8243; _module_preset=\u00bbf2388749-67f0-4acf-b69b-321f3b1d23e5&#8243; global_colors_info=\u00bb{}\u00bb][\/et_pb_wc_cart_totals][\/et_pb_column][\/et_pb_row][\/et_pb_section]<\/p>\n","protected":false},"excerpt":{"rendered":"<p>Packs de ahorro de limpieza de prendas de vestir de Tintorer\u00edas Ronsel.<\/p>\n","protected":false},"author":2,"featured_media":0,"parent":0,"menu_order":0,"comment_status":"closed","ping_status":"closed","template":"","meta":{"_acf_changed":false,"_et_pb_use_builder":"on","_et_pb_old_content":"","_et_gb_content_width":"","footnotes":""},"class_list":["post-246666","page","type-page","status-publish","hentry"],"acf":[],"_links":{"self":[{"href":"https:\/\/tintoreriasronsel.es\/tienda\/wp-json\/wp\/v2\/pages\/246666","targetHints":{"allow":["GET"]}}],"collection":[{"href":"https:\/\/tintoreriasronsel.es\/tienda\/wp-json\/wp\/v2\/pages"}],"about":[{"href":"https:\/\/tintoreriasronsel.es\/tienda\/wp-json\/wp\/v2\/types\/page"}],"author":[{"embeddable":true,"href":"https:\/\/tintoreriasronsel.es\/tienda\/wp-json\/wp\/v2\/users\/2"}],"replies":[{"embeddable":true,"href":"https:\/\/tintoreriasronsel.es\/tienda\/wp-json\/wp\/v2\/comments?post=246666"}],"version-history":[{"count":0,"href":"https:\/\/tintoreriasronsel.es\/tienda\/wp-json\/wp\/v2\/pages\/246666\/revisions"}],"wp:attachment":[{"href":"https:\/\/tintoreriasronsel.es\/tienda\/wp-json\/wp\/v2\/media?parent=246666"}],"curies":[{"name":"wp","href":"https:\/\/api.w.org\/{rel}","templated":true}]}}